{"id":18,"date":"2025-02-24T09:07:02","date_gmt":"2025-02-24T09:07:02","guid":{"rendered":"https:\/\/apreslalune.fr\/?page_id=18"},"modified":"2025-03-10T12:45:36","modified_gmt":"2025-03-10T12:45:36","slug":"a-propos-des-editions-apres-la-lune","status":"publish","type":"page","link":"https:\/\/apreslalune.fr\/index.php\/a-propos-des-editions-apres-la-lune\/","title":{"rendered":"\u00c0 propos"},"content":{"rendered":"\n<h3 class=\"wp-block-heading\">Les \u00e9ditions Apr\u00e8s la Lune ont \u00e9t\u00e9 fond\u00e9es en 2006 par Jean-Jacques Reboux.<\/h3>\n\n\n\n<p>Jean-Jacques Reboux a laiss\u00e9 une empreinte ind\u00e9l\u00e9bile dans le paysage \u00e9ditorial fran\u00e7ais gr\u00e2ce \u00e0 la publication de nombreux ouvrages depuis 1980 dans diverses maisons d&rsquo;\u00e9dition dont il a \u00e9t\u00e9 un acteur cl\u00e9, notamment chez <em>Baleine<\/em>, ainsi que par la fondation de plusieurs structures litt\u00e9raires. Parmi celles-ci figurent la revue de po\u00e9sie <em>La Foire \u00e0 Bras<\/em> et les mythiques \u00c9ditions <em>Canaille.<\/em><\/p>\n\n\n\n<p>Son parcours est jalonn\u00e9 de milliers de rencontres, de manuscrits d\u00e9tonants, d&rsquo;innombrables festivals litt\u00e9raires, de proses dr\u00f4latiques et de projets enflamm\u00e9s, sans oublier quelques proc\u00e8s m\u00e9morables. L&rsquo;engagement de Jean-Jacques Reboux envers la litt\u00e9rature et son influence se poursuivent \u00e0 travers le site des \u00e9ditions <em>Apr\u00e8s La Lune<\/em>, qui t\u00e9moigne de sa passion ind\u00e9fectible pour les mots et les histoires.<\/p>\n\n\n\n<p><\/p>\n\n\n\n<p><\/p>\n","protected":false},"excerpt":{"rendered":"<p>Les \u00e9ditions Apr\u00e8s la Lune ont \u00e9t\u00e9 fond\u00e9es en 2006 par Jean-Jacques Reboux. [&hellip;]<\/p>\n","protected":false},"author":2,"featured_media":0,"parent":0,"menu_order":0,"comment_status":"closed","ping_status":"closed","template":"","meta":{"footnotes":""},"class_list":["post-18","page","type-page","status-publish","hentry"],"_links":{"self":[{"href":"https:\/\/apreslalune.fr\/index.php\/wp-json\/wp\/v2\/pages\/18","targetHints":{"allow":["GET"]}}],"collection":[{"href":"https:\/\/apreslalune.fr\/index.php\/wp-json\/wp\/v2\/pages"}],"about":[{"href":"https:\/\/apreslalune.fr\/index.php\/wp-json\/wp\/v2\/types\/page"}],"author":[{"embeddable":true,"href":"https:\/\/apreslalune.fr\/index.php\/wp-json\/wp\/v2\/users\/2"}],"replies":[{"embeddable":true,"href":"https:\/\/apreslalune.fr\/index.php\/wp-json\/wp\/v2\/comments?post=18"}],"version-history":[{"count":31,"href":"https:\/\/apreslalune.fr\/index.php\/wp-json\/wp\/v2\/pages\/18\/revisions"}],"predecessor-version":[{"id":766,"href":"https:\/\/apreslalune.fr\/index.php\/wp-json\/wp\/v2\/pages\/18\/revisions\/766"}],"wp:attachment":[{"href":"https:\/\/apreslalune.fr\/index.php\/wp-json\/wp\/v2\/media?parent=18"}],"curies":[{"name":"wp","href":"https:\/\/api.w.org\/{rel}","templated":true}]}}