{"id":324,"date":"2025-02-24T20:47:39","date_gmt":"2025-02-24T20:47:39","guid":{"rendered":"https:\/\/apreslalune.fr\/?page_id=324"},"modified":"2025-03-04T07:10:49","modified_gmt":"2025-03-04T07:10:49","slug":"enquete-dun-pere-editions-apres-la-lune","status":"publish","type":"page","link":"https:\/\/apreslalune.fr\/index.php\/enquete-dun-pere-editions-apres-la-lune\/","title":{"rendered":"Enqu\u00eate d&rsquo;un p\u00e8re"},"content":{"rendered":"\n<figure class=\"wp-block-image size-full is-resized\"><img loading=\"lazy\" decoding=\"async\" width=\"345\" height=\"559\" src=\"http:\/\/apreslalune.fr\/wp-content\/uploads\/2025\/02\/Enquete-D-Un-Pere-.jpg\" alt=\"\" class=\"wp-image-455\" style=\"width:176px;height:auto\" srcset=\"https:\/\/apreslalune.fr\/wp-content\/uploads\/2025\/02\/Enquete-D-Un-Pere-.jpg 345w, https:\/\/apreslalune.fr\/wp-content\/uploads\/2025\/02\/Enquete-D-Un-Pere--185x300.jpg 185w\" sizes=\"auto, (max-width: 345px) 100vw, 345px\" \/><\/figure>\n\n\n\n<p>Simon, grand fauve solitaire, p\u00e8re d&rsquo;un Julien de dix ans, m\u00e8ne une existence chaotique.\u2028Mais \u00e7a pourrait \u00eatre pire. Jusqu&rsquo;au jour o\u00f9 des malfrats kidnappent Julien, avec ce chantage \u00e0 la clef : pour revoir son fils vivant, il lui faudra retrouver son propre p\u00e8re, ancien truand qu&rsquo;il croyait mort\u2026 et enterr\u00e9. Commence alors un douloureux voyage. Avec, en bout de course, la reconstitution de la parent\u00e8le \u00e9clat\u00e9e. Maman est une ancienne prostitu\u00e9e repli\u00e9e sur son mutisme. Papa un ours mal l\u00e9ch\u00e9, pas paternel pour deux sous.\u2028Alors, forc\u00e9ment, tout cela va faire mal, tr\u00e8s mal. Ce quatri\u00e8me roman d&rsquo;Olivier Thi\u00e9baut, moins noir que les pr\u00e9c\u00e9dents, est port\u00e9 par un humanisme \u00e0 la mesure de cette histoire qui, finalement, fait du bien.<\/p>\n\n\n\n<p>Auteur :Thiebaut Olivie<br>Date de parution : 01\/04\/2006<br>Editeur : Apres La Lune<br>EAN : 9782352270065<br>Collection : LUNES BLAFARDES<br>Genre : Polars<br>Th\u00e8me : Policier \/ Thriller format poche<br><\/p>\n\n\n\n<p><\/p>\n","protected":false},"excerpt":{"rendered":"<p>Simon, grand fauve solitaire, p\u00e8re d&rsquo;un Julien de dix ans, m\u00e8ne une existence [&hellip;]<\/p>\n","protected":false},"author":2,"featured_media":0,"parent":0,"menu_order":0,"comment_status":"closed","ping_status":"closed","template":"","meta":{"footnotes":""},"class_list":["post-324","page","type-page","status-publish","hentry"],"_links":{"self":[{"href":"https:\/\/apreslalune.fr\/index.php\/wp-json\/wp\/v2\/pages\/324","targetHints":{"allow":["GET"]}}],"collection":[{"href":"https:\/\/apreslalune.fr\/index.php\/wp-json\/wp\/v2\/pages"}],"about":[{"href":"https:\/\/apreslalune.fr\/index.php\/wp-json\/wp\/v2\/types\/page"}],"author":[{"embeddable":true,"href":"https:\/\/apreslalune.fr\/index.php\/wp-json\/wp\/v2\/users\/2"}],"replies":[{"embeddable":true,"href":"https:\/\/apreslalune.fr\/index.php\/wp-json\/wp\/v2\/comments?post=324"}],"version-history":[{"count":12,"href":"https:\/\/apreslalune.fr\/index.php\/wp-json\/wp\/v2\/pages\/324\/revisions"}],"predecessor-version":[{"id":456,"href":"https:\/\/apreslalune.fr\/index.php\/wp-json\/wp\/v2\/pages\/324\/revisions\/456"}],"wp:attachment":[{"href":"https:\/\/apreslalune.fr\/index.php\/wp-json\/wp\/v2\/media?parent=324"}],"curies":[{"name":"wp","href":"https:\/\/api.w.org\/{rel}","templated":true}]}}