{"id":440,"date":"2025-02-25T17:18:12","date_gmt":"2025-02-25T17:18:12","guid":{"rendered":"https:\/\/apreslalune.fr\/?page_id=440"},"modified":"2025-03-04T07:17:00","modified_gmt":"2025-03-04T07:17:00","slug":"ivan-allegresse-et-liberte-de-kits-hilaire-editions-apres-la-lune","status":"publish","type":"page","link":"https:\/\/apreslalune.fr\/index.php\/ivan-allegresse-et-liberte-de-kits-hilaire-editions-apres-la-lune\/","title":{"rendered":"Ivan all\u00e9gresse et libert\u00e9"},"content":{"rendered":"\n<figure class=\"wp-block-image size-large is-resized\"><img loading=\"lazy\" decoding=\"async\" width=\"661\" height=\"1024\" src=\"http:\/\/apreslalune.fr\/wp-content\/uploads\/2025\/02\/UNE-COUV-Ivan-allegresse-et-liberte-661x1024.jpg\" alt=\"Ivan, alle\u0301gresse et liberte\u0301 de Kits Hilaire\" class=\"wp-image-360\" style=\"width:170px;height:auto\" srcset=\"https:\/\/apreslalune.fr\/wp-content\/uploads\/2025\/02\/UNE-COUV-Ivan-allegresse-et-liberte-661x1024.jpg 661w, https:\/\/apreslalune.fr\/wp-content\/uploads\/2025\/02\/UNE-COUV-Ivan-allegresse-et-liberte-194x300.jpg 194w, https:\/\/apreslalune.fr\/wp-content\/uploads\/2025\/02\/UNE-COUV-Ivan-allegresse-et-liberte-768x1190.jpg 768w, https:\/\/apreslalune.fr\/wp-content\/uploads\/2025\/02\/UNE-COUV-Ivan-allegresse-et-liberte-991x1536.jpg 991w, https:\/\/apreslalune.fr\/wp-content\/uploads\/2025\/02\/UNE-COUV-Ivan-allegresse-et-liberte.jpg 1150w\" sizes=\"auto, (max-width: 661px) 100vw, 661px\" \/><\/figure>\n\n\n\n<p><strong>C\u2019est une histoire se d\u00e9roulant dans le milieu alternatif de la Barcelone d\u2019aujourd\u2019hui, l\u2019histoire de Mar et d\u2019Ivan, indissociable de celle de la ville, de ses habitants en mouvement, une histoire d\u2019amour, d&rsquo;apprentissage et de solidarit\u00e9<\/strong>.<\/p>\n\n\n\n<p>\u00a0\u00bb&nbsp;&nbsp; Petit \u00e0 petit, Mar avait fait parler sa grand-m\u00e8re rieuse, elle l&rsquo;avait amen\u00e9e \u00e0 chanter de vieux chants anarchistes en espagnol et en catalan, lui avait fait sortir ses archives&#8230; Elle lui avait donn\u00e9 la chance inou\u00efe, disait Amada, de revenir \u00e0 son \u00e9tat de petite fille.<\/p>\n\n\n\n<p>&#8211; On reconna\u00eet la libert\u00e9 \u00e0 la gait\u00e9 qui l&rsquo;accompagne. C&rsquo;est comme une brise, un vent l\u00e9ger qui vient du c\u0153ur et caresse la joue de celle qui marche debout dans ce monde, et on reconna\u00eet la gait\u00e9 r\u00e9elle \u00e0 la libert\u00e9 qu&rsquo;elle entra\u00eene et qui la pr\u00e9c\u00e8de, \u00e0 la libert\u00e9 qui la porte. Les deux sont imbriqu\u00e9es. Et les deux se vivent hors peur, hors domination, hors souvenirs et expectatives, les deux se vivent au pr\u00e9sent. Lorsque l&rsquo;une va sans l&rsquo;autre, alors elle est tronqu\u00e9e, et alors c&rsquo;est le d\u00e9but de l&rsquo;oppression.<br>&nbsp;&nbsp;&nbsp; Voil\u00e0 ce que disait sa grand-m\u00e8re en gros plan au d\u00e9but du film, ce qui avait tant ravi Ivan, si s\u00e9rieux lui, pourtant, Ivan aux yeux sombres et au sourire grave. \u00a0\u00bb&nbsp;<\/p>\n\n\n\n<p>Apr\u00e8s avoir sillonn\u00e9 le monde dans tous les sens, Kits Hilaire a \u00e9tabli sa base \u00e0 Barcelone. Elle est l&rsquo;auteur du roman culte Berlin derni\u00e8re (Flammarion), de La piti\u00e9 (Flammarion), Rosa Col\u00e8re (Calmann-L\u00e9vy), et Vise directement la t\u00eate (Pauvert).<\/p>\n\n\n\n<p>\u00ab\u00a0Kits Hilaire, c&rsquo;est le courage de la fiction.\u00a0\u00bb Catherine Rihoit &#8211; Marie-Claire<br>\u00ab\u00a0L&rsquo;une des meilleures romanci\u00e8res de sa g\u00e9n\u00e9ration.\u00a0\u00bb Vital<br>\u00ab\u00a0Kits Hilaire ne sera jamais un \u00e9crivain confortable. Son temp\u00e9rament la conduirait plut\u00f4t \u00e0 gratter les plaies en voie de cicatrisation, pour qu&rsquo;on ne les oublie pas. Le sait-on assez ? On a besoin de voix comme la sienne.\u00a0\u00bb P.My &#8211; Le Soir<br>\u00ab\u00a0Kits traverse les villes comme des \u00e2mes.\u00a0\u00bb Sandrine Mariette &#8211; Elle<\/p>\n\n\n\n<p>Autrice : Hilaire Kits<br>Date de parution : 24\/11\/2017<br>EAN : 9782352270898<br>Genre : Litt\u00e9rature fran\u00e7aise<\/p>\n\n\n\n<p><\/p>\n\n\n\n<p><\/p>\n","protected":false},"excerpt":{"rendered":"<p>C\u2019est une histoire se d\u00e9roulant dans le milieu alternatif de la Barcelone d\u2019aujourd\u2019hui, [&hellip;]<\/p>\n","protected":false},"author":2,"featured_media":0,"parent":0,"menu_order":0,"comment_status":"closed","ping_status":"closed","template":"","meta":{"footnotes":""},"class_list":["post-440","page","type-page","status-publish","hentry"],"_links":{"self":[{"href":"https:\/\/apreslalune.fr\/index.php\/wp-json\/wp\/v2\/pages\/440","targetHints":{"allow":["GET"]}}],"collection":[{"href":"https:\/\/apreslalune.fr\/index.php\/wp-json\/wp\/v2\/pages"}],"about":[{"href":"https:\/\/apreslalune.fr\/index.php\/wp-json\/wp\/v2\/types\/page"}],"author":[{"embeddable":true,"href":"https:\/\/apreslalune.fr\/index.php\/wp-json\/wp\/v2\/users\/2"}],"replies":[{"embeddable":true,"href":"https:\/\/apreslalune.fr\/index.php\/wp-json\/wp\/v2\/comments?post=440"}],"version-history":[{"count":3,"href":"https:\/\/apreslalune.fr\/index.php\/wp-json\/wp\/v2\/pages\/440\/revisions"}],"predecessor-version":[{"id":471,"href":"https:\/\/apreslalune.fr\/index.php\/wp-json\/wp\/v2\/pages\/440\/revisions\/471"}],"wp:attachment":[{"href":"https:\/\/apreslalune.fr\/index.php\/wp-json\/wp\/v2\/media?parent=440"}],"curies":[{"name":"wp","href":"https:\/\/api.w.org\/{rel}","templated":true}]}}