{"id":460,"date":"2025-02-25T18:05:36","date_gmt":"2025-02-25T18:05:36","guid":{"rendered":"https:\/\/apreslalune.fr\/?page_id=460"},"modified":"2025-03-04T07:57:57","modified_gmt":"2025-03-04T07:57:57","slug":"la-vieille-dame-au-coeur-du-volcan-2","status":"publish","type":"page","link":"https:\/\/apreslalune.fr\/index.php\/la-vieille-dame-au-coeur-du-volcan-2\/","title":{"rendered":"La vieille dame au c\u0153ur du volcan"},"content":{"rendered":"\n<figure class=\"wp-block-image size-large is-resized\"><img loading=\"lazy\" decoding=\"async\" width=\"667\" height=\"1024\" src=\"http:\/\/apreslalune.fr\/wp-content\/uploads\/2025\/02\/La-vieille-Dame-au-coeur-du-volcan-667x1024.png\" alt=\"La vieille Dame au c\u0153ur du volcan de Ad\u00e8le O'Longh\" class=\"wp-image-366\" style=\"width:199px;height:auto\" srcset=\"https:\/\/apreslalune.fr\/wp-content\/uploads\/2025\/02\/La-vieille-Dame-au-coeur-du-volcan-667x1024.png 667w, https:\/\/apreslalune.fr\/wp-content\/uploads\/2025\/02\/La-vieille-Dame-au-coeur-du-volcan-195x300.png 195w, https:\/\/apreslalune.fr\/wp-content\/uploads\/2025\/02\/La-vieille-Dame-au-coeur-du-volcan.png 761w\" sizes=\"auto, (max-width: 667px) 100vw, 667px\" \/><\/figure>\n\n\n\n<p>Alice campe sur un bateau dans le port de las Palmas. Vid\u00e9aste fuyant le monde de l\u2019image, embarqu\u00e9e sur un coup de t\u00eate pour un convoyage de voilier \u00e0 Cuba, elle a \u00e9t\u00e9 d\u00e9barqu\u00e9e aux Canaries par des marins peu d\u00e9licats. D\u00e9boussol\u00e9e, en rupture de sens, elle erre dans le port au milieu des cargos et des containers, prend des bus au hasard, ou arpente les rues de la ville comme autant de voies ne conduisant nulle part.&nbsp;<br>Un jour, au creux de l\u2019ancien crat\u00e8re du volcan de Bandama, elle fait la rencontre d\u2019une vieille ermite.<\/p>\n\n\n\n<p>\u00a0\u00bb Elle a pris appui sur son b\u00e2ton et rabattu son chapeau de paille en arri\u00e8re.<br>&nbsp;&nbsp;&nbsp; \u2013 Et toi&nbsp;? Elle m\u2019a demand\u00e9.<br>&nbsp;&nbsp;&nbsp; \u2013 Oh moi, j\u2019ai r\u00e9pondu, je suis une \u00e2me \u00e9gar\u00e9e.<br>&nbsp;&nbsp; J\u2019ai dit \u00e7a sans r\u00e9fl\u00e9chir. L\u00e9g\u00e8rement. Avec une douce ironie. Pour l\u2019amuser peut-\u00eatre, je croyais. Mais Sarah a hoch\u00e9 la t\u00eate. Elle m\u2019a regard\u00e9e, et j\u2019ai eu l\u2019impression de devenir liquide, compl\u00e8tement transparente, de me dissoudre dans ses yeux noirs. Puis elle a eu ce sourire dans le regard, malicieux sourire que j\u2019ai tant aim\u00e9.<br>&nbsp;&nbsp; \u2013 Aucune \u00e2me n\u2019est \u00e9gar\u00e9e quand elle parle comme tu viens de le faire, elle a dit. On se partagera quelques dattes, si tu veux entrer.<br>&nbsp;&nbsp; Elle a \u00e9cart\u00e9 les tissus masquant la porte de sa maison, et voil\u00e0 comment tout a commenc\u00e9. \u00ab\u00a0<\/p>\n\n\n\n<p>Ad\u00e8le O\u2019Longh vit entre Barcelone et les Canaries. Elle a \u00e9crit La voyageuse immobile (Apr\u00e8s la Lune), Les montagnes dans les nuages (Ho\u00ebbeke), De Beauchastel \u00e0 Barcelone (La Magrana).<\/p>\n\n\n\n<p>Autrice : O\u2019Longh Ad\u00e8le<br>Date de parution : 06\/04\/2021<br>EAN : 9782352270997<br>Genre : Litt\u00e9rature fran\u00e7aise<\/p>\n","protected":false},"excerpt":{"rendered":"<p>Alice campe sur un bateau dans le port de las Palmas. Vid\u00e9aste fuyant [&hellip;]<\/p>\n","protected":false},"author":2,"featured_media":0,"parent":0,"menu_order":0,"comment_status":"closed","ping_status":"closed","template":"","meta":{"footnotes":""},"class_list":["post-460","page","type-page","status-publish","hentry"],"_links":{"self":[{"href":"https:\/\/apreslalune.fr\/index.php\/wp-json\/wp\/v2\/pages\/460","targetHints":{"allow":["GET"]}}],"collection":[{"href":"https:\/\/apreslalune.fr\/index.php\/wp-json\/wp\/v2\/pages"}],"about":[{"href":"https:\/\/apreslalune.fr\/index.php\/wp-json\/wp\/v2\/types\/page"}],"author":[{"embeddable":true,"href":"https:\/\/apreslalune.fr\/index.php\/wp-json\/wp\/v2\/users\/2"}],"replies":[{"embeddable":true,"href":"https:\/\/apreslalune.fr\/index.php\/wp-json\/wp\/v2\/comments?post=460"}],"version-history":[{"count":4,"href":"https:\/\/apreslalune.fr\/index.php\/wp-json\/wp\/v2\/pages\/460\/revisions"}],"predecessor-version":[{"id":470,"href":"https:\/\/apreslalune.fr\/index.php\/wp-json\/wp\/v2\/pages\/460\/revisions\/470"}],"wp:attachment":[{"href":"https:\/\/apreslalune.fr\/index.php\/wp-json\/wp\/v2\/media?parent=460"}],"curies":[{"name":"wp","href":"https:\/\/api.w.org\/{rel}","templated":true}]}}