{"id":466,"date":"2025-02-25T18:36:33","date_gmt":"2025-02-25T18:36:33","guid":{"rendered":"https:\/\/apreslalune.fr\/?page_id=466"},"modified":"2025-03-20T15:19:51","modified_gmt":"2025-03-20T15:19:51","slug":"lesprit-benuchot-2","status":"publish","type":"page","link":"https:\/\/apreslalune.fr\/index.php\/lesprit-benuchot-2\/","title":{"rendered":"L&rsquo;Esprit B\u00e9nuchot"},"content":{"rendered":"\n<figure class=\"wp-block-image size-full is-resized\"><img loading=\"lazy\" decoding=\"async\" width=\"429\" height=\"653\" src=\"http:\/\/apreslalune.fr\/wp-content\/uploads\/2025\/02\/Lesprit-Benuchot.jpg\" alt=\"\" class=\"wp-image-13\" style=\"width:181px;height:auto\" srcset=\"https:\/\/apreslalune.fr\/wp-content\/uploads\/2025\/02\/Lesprit-Benuchot.jpg 429w, https:\/\/apreslalune.fr\/wp-content\/uploads\/2025\/02\/Lesprit-Benuchot-197x300.jpg 197w\" sizes=\"auto, (max-width: 429px) 100vw, 429px\" \/><\/figure>\n\n\n\n<h2 class=\"wp-block-heading\">L&rsquo;Esprit B\u00e9nuchot par Jean-Jacques Reboux<\/h2>\n\n\n\n<p>Jules B\u00e9nuchot, 82 ans, ancien chauffeur de taxi, vit \u00e0 Paris, pr\u00e8s du canal Saint-Martin, o\u00f9 il partage la vie de son chat Schr\u00f6dinger. Fascin\u00e9 par la physique quantique, cette science de l&rsquo;infiniment petit, il nous persuade que le hasard et l&rsquo;incertitude sont les meilleurs alli\u00e9s pour appr\u00e9hender les myst\u00e8res de la capitale. Tel le physicien modifiant l&rsquo;\u00e9tat d&rsquo;une particule en la mesurant, il change par petites touches le destin de ceux qu&rsquo;il croise.<\/p>\n\n\n\n<p>Pour \u00e9crire le roman de sa vie, B\u00e9nuchot engage L\u00e9a, une jeune artiste de street-art, qui va d\u00e9crypter les centaines de carnets o\u00f9 il a consign\u00e9 soixante ann\u00e9es de rencontres, entra\u00eenant le lecteur dans un \u00e9mouvant road-movie parisien, po\u00e9tique, m\u00e9taphysique et d\u00e9sopilant.<\/p>\n\n\n\n<p>N\u00e9 en 1958 \u00e0 Madr\u00e9 (Mayenne), Jean-Jacques Reboux a \u00e9crit une vingtaine de romans et essais, parmi lesquels <em>Le Massacre des Innocents<\/em> (Folio policier), Troph\u00e9e 813 du meilleur polar, <em>Poste mortem<\/em> (Folio policier), Prix du polar de Montigny-les-Cormeilles, <em>C&rsquo;est \u00e0 cause<\/em><em>des poules<\/em> (Flammarion) et <em>La Cerise sur le g\u00e2teux<\/em> (Baleine, Le Poulpe).<\/p>\n\n\n\n<blockquote class=\"wp-block-quote is-layout-flow wp-block-quote-is-layout-flow\">\n<p>\u201cDepuis \u201dLa vie mode d\u2019emploi\u201d de Georges Perec, on n\u2019a pas fait mieux.\u201d Jean-Bernard Pouy.<\/p>\n<\/blockquote>\n\n\n\n<ul class=\"wp-block-list\">\n<li>Auteur : Jean-Jacques Reboux<\/li>\n\n\n\n<li>Date de parution : 19\/04\/2019<\/li>\n\n\n\n<li><strong>E<\/strong>AN : 9782352270775<\/li>\n\n\n\n<li>Genre : Litt\u00e9rature fran\u00e7aise<\/li>\n<\/ul>\n\n\n\n<p><\/p>\n","protected":false},"excerpt":{"rendered":"<p>L&rsquo;Esprit B\u00e9nuchot par Jean-Jacques Reboux Jules B\u00e9nuchot, 82 ans, ancien chauffeur de taxi, [&hellip;]<\/p>\n","protected":false},"author":2,"featured_media":0,"parent":0,"menu_order":0,"comment_status":"closed","ping_status":"closed","template":"","meta":{"footnotes":""},"class_list":["post-466","page","type-page","status-publish","hentry"],"_links":{"self":[{"href":"https:\/\/apreslalune.fr\/index.php\/wp-json\/wp\/v2\/pages\/466","targetHints":{"allow":["GET"]}}],"collection":[{"href":"https:\/\/apreslalune.fr\/index.php\/wp-json\/wp\/v2\/pages"}],"about":[{"href":"https:\/\/apreslalune.fr\/index.php\/wp-json\/wp\/v2\/types\/page"}],"author":[{"embeddable":true,"href":"https:\/\/apreslalune.fr\/index.php\/wp-json\/wp\/v2\/users\/2"}],"replies":[{"embeddable":true,"href":"https:\/\/apreslalune.fr\/index.php\/wp-json\/wp\/v2\/comments?post=466"}],"version-history":[{"count":5,"href":"https:\/\/apreslalune.fr\/index.php\/wp-json\/wp\/v2\/pages\/466\/revisions"}],"predecessor-version":[{"id":811,"href":"https:\/\/apreslalune.fr\/index.php\/wp-json\/wp\/v2\/pages\/466\/revisions\/811"}],"wp:attachment":[{"href":"https:\/\/apreslalune.fr\/index.php\/wp-json\/wp\/v2\/media?parent=466"}],"curies":[{"name":"wp","href":"https:\/\/api.w.org\/{rel}","templated":true}]}}