{"id":473,"date":"2025-02-26T08:35:24","date_gmt":"2025-02-26T08:35:24","guid":{"rendered":"https:\/\/apreslalune.fr\/?page_id=473"},"modified":"2025-03-04T07:11:06","modified_gmt":"2025-03-04T07:11:06","slug":"eteignez-la-lumiere-editions-apres-la-lune","status":"publish","type":"page","link":"https:\/\/apreslalune.fr\/index.php\/eteignez-la-lumiere-editions-apres-la-lune\/","title":{"rendered":"Eteignez la lumi\u00e8re !"},"content":{"rendered":"<div class=\"wp-block-image\">\n<figure class=\"alignleft size-large is-resized\"><img loading=\"lazy\" decoding=\"async\" width=\"651\" height=\"1024\" src=\"http:\/\/apreslalune.fr\/wp-content\/uploads\/2025\/02\/elise--651x1024.jpg\" alt=\"Eteignez la lumi\u00e8re !\" class=\"wp-image-157\" style=\"width:174px;height:auto\" srcset=\"https:\/\/apreslalune.fr\/wp-content\/uploads\/2025\/02\/elise--651x1024.jpg 651w, https:\/\/apreslalune.fr\/wp-content\/uploads\/2025\/02\/elise--191x300.jpg 191w, https:\/\/apreslalune.fr\/wp-content\/uploads\/2025\/02\/elise-.jpg 742w\" sizes=\"auto, (max-width: 651px) 100vw, 651px\" \/><\/figure>\n<\/div>\n\n\n<p>Des histoires br\u00e8ves, r\u00e9alistes, trash, loufoques ou po\u00e9tiques, pour apprivoiser l\u2019ombre du crime et de la mort. Certaines \u00e9crites comme on parle, d\u2019autres comme on cauchemarde\u2026 Une travers\u00e9e des genres pour explorer toutes les couleurs du sombre. Pirates,&nbsp;psychopathes,&nbsp;savants fous, parents, enfants, assassins de tous bords. Une travers\u00e9e des genres explorant toutes les facettes du sombre, \u00e0 l\u2019ombre du crime et de la mort.<\/p>\n\n\n\n<p>Pirates, savants fous, psychopathes, conjoints,&nbsp;parents, enfants, assassins de tous bords\u2026 Qui sont au fond les personnages les plus inqui\u00e9tants&nbsp;?<\/p>\n\n\n\n<p>Sc\u00e9nariste, formatrice, casse-cou imp\u00e9nitente accro aux apprentissages,&nbsp;Elise Fugler&nbsp;explore \u00e0 ses heures perdues les coins improbables du monde. Elle a publi\u00e9&nbsp;<em>Les Frigos ont horreur du vide<\/em>&nbsp;(Baleine),&nbsp;<em>L\u2019Art du mou<\/em>&nbsp;(L\u2019Aube) et&nbsp;<em>Nom de nom !<\/em>&nbsp;(Zinc).<\/p>\n\n\n\n<blockquote class=\"wp-block-quote is-layout-flow wp-block-quote-is-layout-flow\">\n<p>\u00ab\u00a0\u00c9lise Fugler a une sensibilit\u00e9 \u00e0 fleur de peau. Elle tient en joue les trop-plein \u00e9motionnels dans une attitude frondeuse. Elle nous invite \u00e0 suivre pas \u00e0 pas le monde de la pens\u00e9e enfantine avec une grande pudeur, \u00e0 exprimer les blessures tues.\u00a0\u00bb Francine Kleinberg, <em>Double Marge<\/em>.<\/p>\n<\/blockquote>\n\n\n\n<p>Autrice : Fugler \u00c9lise<br>Date de parution : 26\/01\/2020<br>EAN : 9782352271000<br>Genre : Nouvelles, Noir<\/p>\n","protected":false},"excerpt":{"rendered":"<p>Des histoires br\u00e8ves, r\u00e9alistes, trash, loufoques ou po\u00e9tiques, pour apprivoiser l\u2019ombre du crime [&hellip;]<\/p>\n","protected":false},"author":2,"featured_media":0,"parent":0,"menu_order":0,"comment_status":"closed","ping_status":"closed","template":"","meta":{"footnotes":""},"class_list":["post-473","page","type-page","status-publish","hentry"],"_links":{"self":[{"href":"https:\/\/apreslalune.fr\/index.php\/wp-json\/wp\/v2\/pages\/473","targetHints":{"allow":["GET"]}}],"collection":[{"href":"https:\/\/apreslalune.fr\/index.php\/wp-json\/wp\/v2\/pages"}],"about":[{"href":"https:\/\/apreslalune.fr\/index.php\/wp-json\/wp\/v2\/types\/page"}],"author":[{"embeddable":true,"href":"https:\/\/apreslalune.fr\/index.php\/wp-json\/wp\/v2\/users\/2"}],"replies":[{"embeddable":true,"href":"https:\/\/apreslalune.fr\/index.php\/wp-json\/wp\/v2\/comments?post=473"}],"version-history":[{"count":13,"href":"https:\/\/apreslalune.fr\/index.php\/wp-json\/wp\/v2\/pages\/473\/revisions"}],"predecessor-version":[{"id":491,"href":"https:\/\/apreslalune.fr\/index.php\/wp-json\/wp\/v2\/pages\/473\/revisions\/491"}],"wp:attachment":[{"href":"https:\/\/apreslalune.fr\/index.php\/wp-json\/wp\/v2\/media?parent=473"}],"curies":[{"name":"wp","href":"https:\/\/api.w.org\/{rel}","templated":true}]}}