{"id":558,"date":"2025-02-27T10:32:42","date_gmt":"2025-02-27T10:32:42","guid":{"rendered":"https:\/\/apreslalune.fr\/?page_id=558"},"modified":"2025-03-04T07:18:56","modified_gmt":"2025-03-04T07:18:56","slug":"mammouth-rodeo-trash-editions-apres-la-lune","status":"publish","type":"page","link":"https:\/\/apreslalune.fr\/index.php\/mammouth-rodeo-trash-editions-apres-la-lune\/","title":{"rendered":"Mammouth rod\u00e9o trash"},"content":{"rendered":"\n<figure class=\"wp-block-image size-full is-resized\"><img loading=\"lazy\" decoding=\"async\" width=\"345\" height=\"555\" src=\"http:\/\/apreslalune.fr\/wp-content\/uploads\/2025\/02\/Mammouth-rodeo-trash-.jpg\" alt=\"\" class=\"wp-image-400\" style=\"width:162px;height:auto\" srcset=\"https:\/\/apreslalune.fr\/wp-content\/uploads\/2025\/02\/Mammouth-rodeo-trash-.jpg 345w, https:\/\/apreslalune.fr\/wp-content\/uploads\/2025\/02\/Mammouth-rodeo-trash--186x300.jpg 186w\" sizes=\"auto, (max-width: 345px) 100vw, 345px\" \/><\/figure>\n\n\n\n<p>ls ont la gr\u00e2ce, l&rsquo;innocence malicieuse, parfois cruelle.<br>Ce sont des adolescents. Ils crient leur tendresse, leur rage, et racontent la vie dans la \u00a0\u00bb R\u00e9serve \u00ab\u00a0. Ils se jouent des adultes fig\u00e9s dans la l\u00e2chet\u00e9 et I&rsquo;hypocrisie du syst\u00e8me. La loi est renvers\u00e9e : les jeunes deviennent les ma\u00eetres. Une cabale infernale contre un de leurs professeurs, \u00a0\u00bb Ultralucide \u00ab\u00a0, va faire exploser la machine. Le roman noir, qui explore le chaos de la soci\u00e9t\u00e9, ne s&rsquo;aventure pas souvent sur le terrain de la violence l&rsquo;\u00e9cole.<br>Sylvie Cohen, qui sait de quoi elle parle, r\u00e9pare cet oubli avec ce western choral d&rsquo;une br\u00fblante actualit\u00e9, o\u00f9 le rire donne la r\u00e9plique \u00e0 la f\u00e9rocit\u00e9, et qui d\u00e9crit de l&rsquo;int\u00e9rieur une r\u00e9alit\u00e9 d\u00e9rangeante, \u00e0 contre. courant des id\u00e9es re\u00e7ues.<\/p>\n\n\n\n<ul class=\"wp-block-list\">\n<li>Autrice : Sylvie Cohen<\/li>\n\n\n\n<li>Date de parution : 24\/03\/2011<\/li>\n\n\n\n<li>EAN : 9782352270584<\/li>\n\n\n\n<li>Collection : LUNES BLAFARDES<\/li>\n\n\n\n<li>Genre : Polars<\/li>\n\n\n\n<li>Th\u00e8me : Policier \/ Thriller grand format<\/li>\n<\/ul>\n","protected":false},"excerpt":{"rendered":"<p>ls ont la gr\u00e2ce, l&rsquo;innocence malicieuse, parfois cruelle.Ce sont des adolescents. Ils crient [&hellip;]<\/p>\n","protected":false},"author":2,"featured_media":0,"parent":0,"menu_order":0,"comment_status":"closed","ping_status":"closed","template":"","meta":{"footnotes":""},"class_list":["post-558","page","type-page","status-publish","hentry"],"_links":{"self":[{"href":"https:\/\/apreslalune.fr\/index.php\/wp-json\/wp\/v2\/pages\/558","targetHints":{"allow":["GET"]}}],"collection":[{"href":"https:\/\/apreslalune.fr\/index.php\/wp-json\/wp\/v2\/pages"}],"about":[{"href":"https:\/\/apreslalune.fr\/index.php\/wp-json\/wp\/v2\/types\/page"}],"author":[{"embeddable":true,"href":"https:\/\/apreslalune.fr\/index.php\/wp-json\/wp\/v2\/users\/2"}],"replies":[{"embeddable":true,"href":"https:\/\/apreslalune.fr\/index.php\/wp-json\/wp\/v2\/comments?post=558"}],"version-history":[{"count":1,"href":"https:\/\/apreslalune.fr\/index.php\/wp-json\/wp\/v2\/pages\/558\/revisions"}],"predecessor-version":[{"id":559,"href":"https:\/\/apreslalune.fr\/index.php\/wp-json\/wp\/v2\/pages\/558\/revisions\/559"}],"wp:attachment":[{"href":"https:\/\/apreslalune.fr\/index.php\/wp-json\/wp\/v2\/media?parent=558"}],"curies":[{"name":"wp","href":"https:\/\/api.w.org\/{rel}","templated":true}]}}