{"id":562,"date":"2025-02-27T11:20:36","date_gmt":"2025-02-27T11:20:36","guid":{"rendered":"https:\/\/apreslalune.fr\/?page_id=562"},"modified":"2025-03-04T07:19:46","modified_gmt":"2025-03-04T07:19:46","slug":"pain-perdu-chez-les-vilains-editions-apres-la-lune","status":"publish","type":"page","link":"https:\/\/apreslalune.fr\/index.php\/pain-perdu-chez-les-vilains-editions-apres-la-lune\/","title":{"rendered":"Pain perdu chez les vilains"},"content":{"rendered":"\n<figure class=\"wp-block-image size-full is-resized\"><img loading=\"lazy\" decoding=\"async\" width=\"345\" height=\"561\" src=\"http:\/\/apreslalune.fr\/wp-content\/uploads\/2025\/02\/Pain-perdu-chez-les-vilains-.jpg\" alt=\"\" class=\"wp-image-405\" style=\"width:200px;height:auto\" srcset=\"https:\/\/apreslalune.fr\/wp-content\/uploads\/2025\/02\/Pain-perdu-chez-les-vilains-.jpg 345w, https:\/\/apreslalune.fr\/wp-content\/uploads\/2025\/02\/Pain-perdu-chez-les-vilains--184x300.jpg 184w\" sizes=\"auto, (max-width: 345px) 100vw, 345px\" \/><\/figure>\n\n\n\n<p>Assassin\u00e9, les poches bourr\u00e9es de miettes de pain. Vengeance ? R\u00e8glement de comptes politique ? A deux ans des pr\u00e9sidentielles de 1995, le commissaire Coltraz se demande si la farce n&rsquo;est pas un rideau de fum\u00e9e destin\u00e9 \u00e0 camoufler un complot au sein du RPR, o\u00f9 certaines jeunes pousses aux dents longues aimeraient \u00eatre calife \u00e0 la place du calife.<br>Et la psychose s&rsquo;installe. D&rsquo;autres notables sont victimes de l&rsquo;\u00e9mietteur. Des plaisantins d\u00e9valisent les boulangeries. Julien Dauthuille, journaliste \u00e0 D\u00e9tective et ami de Coltraz, se fait tabasser par les chiens de garde lep\u00e9nistes de Poitrenoud-Chaussures. Les obs\u00e8ques du maire, en pr\u00e9sence de Chirac, sont attendues avec angoisse par les autorit\u00e9s, qui craignent, \u00e0 juste titre, une apoth\u00e9ose apocalytique.<br>Vingt ans apr\u00e8s sa premi\u00e8re parution en 1992, revoici le premier roman de Jean-Jacques Reboux, totalement r\u00e9\u00e9crit. Entre farce ubuesque et politique-fiction, Pain perdu chez les Vilains pr\u00e9figure des romans inclassables tels que Poste mortem, Le Massacre des innocents (Folio policier), De Gaulle, Van Gogh, ma femme et moi, ou encore Je suis partout (les derniers jours de Nicolas Sarkozy).<\/p>\n\n\n\n<ul class=\"wp-block-list\">\n<li>Auteur : Jean-Jacques Reboux<\/li>\n\n\n\n<li>Date de parution : 31\/05\/2012<\/li>\n\n\n\n<li>EAN : 9782352270744<\/li>\n\n\n\n<li>Nombre de pages : 220<\/li>\n\n\n\n<li>Collection : LUNES BLAFARDES<\/li>\n\n\n\n<li>Genre : Polars<\/li>\n\n\n\n<li>Th\u00e8me : Policier \/ Thriller grand format<\/li>\n<\/ul>\n\n\n\n<p><a href=\"https:\/\/www.lecteurs.com\/livre\/pain-perdu-chez-les-vilains\/2323044#\"><\/a><\/p>\n","protected":false},"excerpt":{"rendered":"<p>Assassin\u00e9, les poches bourr\u00e9es de miettes de pain. Vengeance ? R\u00e8glement de comptes [&hellip;]<\/p>\n","protected":false},"author":2,"featured_media":0,"parent":0,"menu_order":0,"comment_status":"closed","ping_status":"closed","template":"","meta":{"footnotes":""},"class_list":["post-562","page","type-page","status-publish","hentry"],"_links":{"self":[{"href":"https:\/\/apreslalune.fr\/index.php\/wp-json\/wp\/v2\/pages\/562","targetHints":{"allow":["GET"]}}],"collection":[{"href":"https:\/\/apreslalune.fr\/index.php\/wp-json\/wp\/v2\/pages"}],"about":[{"href":"https:\/\/apreslalune.fr\/index.php\/wp-json\/wp\/v2\/types\/page"}],"author":[{"embeddable":true,"href":"https:\/\/apreslalune.fr\/index.php\/wp-json\/wp\/v2\/users\/2"}],"replies":[{"embeddable":true,"href":"https:\/\/apreslalune.fr\/index.php\/wp-json\/wp\/v2\/comments?post=562"}],"version-history":[{"count":1,"href":"https:\/\/apreslalune.fr\/index.php\/wp-json\/wp\/v2\/pages\/562\/revisions"}],"predecessor-version":[{"id":564,"href":"https:\/\/apreslalune.fr\/index.php\/wp-json\/wp\/v2\/pages\/562\/revisions\/564"}],"wp:attachment":[{"href":"https:\/\/apreslalune.fr\/index.php\/wp-json\/wp\/v2\/media?parent=562"}],"curies":[{"name":"wp","href":"https:\/\/api.w.org\/{rel}","templated":true}]}}