{"id":575,"date":"2025-02-27T12:00:43","date_gmt":"2025-02-27T12:00:43","guid":{"rendered":"https:\/\/apreslalune.fr\/?page_id=575"},"modified":"2025-03-04T07:20:16","modified_gmt":"2025-03-04T07:20:16","slug":"le-dernier-des-indomptes-editions-apres-la-lune","status":"publish","type":"page","link":"https:\/\/apreslalune.fr\/index.php\/le-dernier-des-indomptes-editions-apres-la-lune\/","title":{"rendered":"Le dernier des indompt\u00e9s"},"content":{"rendered":"\n<figure class=\"wp-block-image size-full is-resized\"><img loading=\"lazy\" decoding=\"async\" width=\"345\" height=\"548\" src=\"http:\/\/apreslalune.fr\/wp-content\/uploads\/2025\/02\/Le-dernier-des-indomptes-.jpg\" alt=\"\" class=\"wp-image-389\" style=\"width:154px;height:auto\" srcset=\"https:\/\/apreslalune.fr\/wp-content\/uploads\/2025\/02\/Le-dernier-des-indomptes-.jpg 345w, https:\/\/apreslalune.fr\/wp-content\/uploads\/2025\/02\/Le-dernier-des-indomptes--189x300.jpg 189w\" sizes=\"auto, (max-width: 345px) 100vw, 345px\" \/><\/figure>\n\n\n\n<p>Mo, ca\u00efd ami\u00e9nois, sort de prison, bien d\u00e9cid\u00e9 \u00e0 se \u00ab\u00a0ranger des voitures\u00a0\u00bb, et \u00e0 fuir cette ville qui lui a tout pris, et qui n&rsquo;est plus la sienne. D\u00e8s qu&rsquo;il aura retrouv\u00e9 Malika\u2026 Mais les fant\u00f4mes du pass\u00e9 ressurgissent, avec leur lot de trahisons, de graals impossibles, de rancoeurs mac\u00e9r\u00e9es. Et le compte i rebours va s&rsquo;\u00e9grener, implacable. \u00a0\u00bb Mo va mourir \u00ab\u00a0; c&rsquo;est \u00e9crit au fronton du \u00a0\u00bb Dernier des indompt\u00e9s \u00ab\u00a0. Tout le talent de Dominique Zay consiste \u00e0 nous faire croire, au travers d&rsquo;un polar o\u00f9 la ville d&rsquo;Amiens joue le r\u00f4le de catharsis, que la main qui pourrait encore le sauver va surgir au d\u00e9tour d&rsquo;une page et broyer les grains de sable de son destin. \u00ab\u00a0<\/p>\n\n\n\n<ul class=\"wp-block-list\">\n<li>Auteur : Dominique Zay<\/li>\n\n\n\n<li>Date de parution : 20\/09\/2006<\/li>\n\n\n\n<li>EAN : 978235227021<\/li>\n\n\n\n<li>Nombre de pages : 154<\/li>\n\n\n\n<li>Collection : LUNES BLAFARDES<\/li>\n\n\n\n<li>Genre : Litt\u00e9rature \u00e9trang\u00e8re<\/li>\n\n\n\n<li>Th\u00e8me : Litt\u00e9rature Allemande<\/li>\n<\/ul>\n","protected":false},"excerpt":{"rendered":"<p>Mo, ca\u00efd ami\u00e9nois, sort de prison, bien d\u00e9cid\u00e9 \u00e0 se \u00ab\u00a0ranger des voitures\u00a0\u00bb, [&hellip;]<\/p>\n","protected":false},"author":2,"featured_media":0,"parent":0,"menu_order":0,"comment_status":"closed","ping_status":"closed","template":"","meta":{"footnotes":""},"class_list":["post-575","page","type-page","status-publish","hentry"],"_links":{"self":[{"href":"https:\/\/apreslalune.fr\/index.php\/wp-json\/wp\/v2\/pages\/575","targetHints":{"allow":["GET"]}}],"collection":[{"href":"https:\/\/apreslalune.fr\/index.php\/wp-json\/wp\/v2\/pages"}],"about":[{"href":"https:\/\/apreslalune.fr\/index.php\/wp-json\/wp\/v2\/types\/page"}],"author":[{"embeddable":true,"href":"https:\/\/apreslalune.fr\/index.php\/wp-json\/wp\/v2\/users\/2"}],"replies":[{"embeddable":true,"href":"https:\/\/apreslalune.fr\/index.php\/wp-json\/wp\/v2\/comments?post=575"}],"version-history":[{"count":1,"href":"https:\/\/apreslalune.fr\/index.php\/wp-json\/wp\/v2\/pages\/575\/revisions"}],"predecessor-version":[{"id":576,"href":"https:\/\/apreslalune.fr\/index.php\/wp-json\/wp\/v2\/pages\/575\/revisions\/576"}],"wp:attachment":[{"href":"https:\/\/apreslalune.fr\/index.php\/wp-json\/wp\/v2\/media?parent=575"}],"curies":[{"name":"wp","href":"https:\/\/api.w.org\/{rel}","templated":true}]}}