{"id":579,"date":"2025-02-27T12:07:23","date_gmt":"2025-02-27T12:07:23","guid":{"rendered":"https:\/\/apreslalune.fr\/?page_id=579"},"modified":"2025-03-06T13:39:36","modified_gmt":"2025-03-06T13:39:36","slug":"le-banquet-des-silfes-editions-apres-la-lune","status":"publish","type":"page","link":"https:\/\/apreslalune.fr\/index.php\/le-banquet-des-silfes-editions-apres-la-lune\/","title":{"rendered":"Le banquet des silphes"},"content":{"rendered":"\n<figure class=\"wp-block-image size-full is-resized\"><img loading=\"lazy\" decoding=\"async\" width=\"195\" height=\"315\" src=\"https:\/\/apreslalune.fr\/wp-content\/uploads\/2025\/03\/Le-banquet-des-Silphes-editions-apres-la-lune_.jpg\" alt=\"\" class=\"wp-image-724\" style=\"width:177px;height:auto\" srcset=\"https:\/\/apreslalune.fr\/wp-content\/uploads\/2025\/03\/Le-banquet-des-Silphes-editions-apres-la-lune_.jpg 195w, https:\/\/apreslalune.fr\/wp-content\/uploads\/2025\/03\/Le-banquet-des-Silphes-editions-apres-la-lune_-186x300.jpg 186w\" sizes=\"auto, (max-width: 195px) 100vw, 195px\" \/><\/figure>\n\n\n\n<p>Apr\u00e8s leur chasse aux hy\u00e8nes sur la Promenade des Anglais, Cassoni, Belhadj et leur \u00e9quipe de flics ni\u00e7ois repartent en safari. Des retrait\u00e9s qui se jettent des nuages, des meurtres bidon et des faux suicides, \u00e0 la saison de la dinde et des \u00e9trennes, ce n&rsquo;est s\u00fbrement pas la canicule qui provoque une telle h\u00e9catombe dans cette grande maison de retraite qu&rsquo;est la C\u00f4te d&rsquo;Azur. Qui se cache derri\u00e8re Qui se cache derri\u00e8re cette s\u00e9rie de crimes particuli\u00e8rement tordus ? le d\u00e9nouement de cette enqu\u00eate viendra-t-il de Raymond, l&rsquo;ex-flic \u00e0 gouaille de truand qui a jadis sauv\u00e9 la vie du commissaire Cassoni ? Ou bien Cassoni devra-t-il fouiller dans les sales blessures d&rsquo;une sale guerre coloniale\u2026<\/p>\n\n\n\n<p>Auteur : Gobin Arnaud<br>Date de parution : 07\/05\/2010<br>EAN : \u200e 9782352270461<br>Genre : Polars<\/p>\n","protected":false},"excerpt":{"rendered":"<p>Apr\u00e8s leur chasse aux hy\u00e8nes sur la Promenade des Anglais, Cassoni, Belhadj et [&hellip;]<\/p>\n","protected":false},"author":2,"featured_media":0,"parent":0,"menu_order":0,"comment_status":"closed","ping_status":"closed","template":"","meta":{"footnotes":""},"class_list":["post-579","page","type-page","status-publish","hentry"],"_links":{"self":[{"href":"https:\/\/apreslalune.fr\/index.php\/wp-json\/wp\/v2\/pages\/579","targetHints":{"allow":["GET"]}}],"collection":[{"href":"https:\/\/apreslalune.fr\/index.php\/wp-json\/wp\/v2\/pages"}],"about":[{"href":"https:\/\/apreslalune.fr\/index.php\/wp-json\/wp\/v2\/types\/page"}],"author":[{"embeddable":true,"href":"https:\/\/apreslalune.fr\/index.php\/wp-json\/wp\/v2\/users\/2"}],"replies":[{"embeddable":true,"href":"https:\/\/apreslalune.fr\/index.php\/wp-json\/wp\/v2\/comments?post=579"}],"version-history":[{"count":4,"href":"https:\/\/apreslalune.fr\/index.php\/wp-json\/wp\/v2\/pages\/579\/revisions"}],"predecessor-version":[{"id":725,"href":"https:\/\/apreslalune.fr\/index.php\/wp-json\/wp\/v2\/pages\/579\/revisions\/725"}],"wp:attachment":[{"href":"https:\/\/apreslalune.fr\/index.php\/wp-json\/wp\/v2\/media?parent=579"}],"curies":[{"name":"wp","href":"https:\/\/api.w.org\/{rel}","templated":true}]}}