{"id":582,"date":"2025-02-27T12:14:29","date_gmt":"2025-02-27T12:14:29","guid":{"rendered":"https:\/\/apreslalune.fr\/?page_id=582"},"modified":"2025-03-04T07:07:54","modified_gmt":"2025-03-04T07:07:54","slug":"au-bonheur-des-poules-apres-la-lune","status":"publish","type":"page","link":"https:\/\/apreslalune.fr\/index.php\/au-bonheur-des-poules-apres-la-lune\/","title":{"rendered":"Au Bonheur Des Poules"},"content":{"rendered":"\n<figure class=\"wp-block-image size-full is-resized\"><img loading=\"lazy\" decoding=\"async\" width=\"345\" height=\"495\" src=\"http:\/\/apreslalune.fr\/wp-content\/uploads\/2025\/02\/Au-Bonheur-Des-Poules-.jpg\" alt=\"\" class=\"wp-image-371\" style=\"width:187px;height:auto\" srcset=\"https:\/\/apreslalune.fr\/wp-content\/uploads\/2025\/02\/Au-Bonheur-Des-Poules-.jpg 345w, https:\/\/apreslalune.fr\/wp-content\/uploads\/2025\/02\/Au-Bonheur-Des-Poules--209x300.jpg 209w\" sizes=\"auto, (max-width: 345px) 100vw, 345px\" \/><\/figure>\n\n\n\n<p>Maman est venue me voir dans l&rsquo;aire, o\u00f9 je jouais avec les poules.<br>Elle m&rsquo;a tendu le cartable et m&rsquo;a dit regarde comme il est beau. Elle pouvait pas tomber plus mal car j&rsquo;\u00e9tais en train d&rsquo;essayer de battre mon record d&rsquo;endormir les poules, je venais d&rsquo;en faire trois de rang et \u00e0 cause d&rsquo;elle la quatri\u00e8me s&rsquo;est \u00e9chapp\u00e9e en caquetant fort comme quand le coq se pose sur elle en lui pecquant la cr\u00eate avec son bec et avec son zizi aussi il lui fait des trucs.<\/p>\n\n\n\n<ul class=\"wp-block-list\">\n<li>Auteur : Reboux Jean-Jacques <\/li>\n\n\n\n<li><strong>D<\/strong>ate de parution : 11\/02\/2006<\/li>\n\n\n\n<li>EAN : 9782352270034<\/li>\n\n\n\n<li>Nombre de pages : 57<\/li>\n\n\n\n<li>Collection : LA MAITRESSE EN MAILLOT DE BAIN<\/li>\n\n\n\n<li>Genre : Litt\u00e9rature jeunesse<\/li>\n\n\n\n<li><strong>T<\/strong>h\u00e8me : Litt\u00e9rature jeunesse Romans \/ Contes \/ Fables<\/li>\n<\/ul>\n","protected":false},"excerpt":{"rendered":"<p>Maman est venue me voir dans l&rsquo;aire, o\u00f9 je jouais avec les poules.Elle [&hellip;]<\/p>\n","protected":false},"author":2,"featured_media":0,"parent":0,"menu_order":0,"comment_status":"closed","ping_status":"closed","template":"","meta":{"footnotes":""},"class_list":["post-582","page","type-page","status-publish","hentry"],"_links":{"self":[{"href":"https:\/\/apreslalune.fr\/index.php\/wp-json\/wp\/v2\/pages\/582","targetHints":{"allow":["GET"]}}],"collection":[{"href":"https:\/\/apreslalune.fr\/index.php\/wp-json\/wp\/v2\/pages"}],"about":[{"href":"https:\/\/apreslalune.fr\/index.php\/wp-json\/wp\/v2\/types\/page"}],"author":[{"embeddable":true,"href":"https:\/\/apreslalune.fr\/index.php\/wp-json\/wp\/v2\/users\/2"}],"replies":[{"embeddable":true,"href":"https:\/\/apreslalune.fr\/index.php\/wp-json\/wp\/v2\/comments?post=582"}],"version-history":[{"count":2,"href":"https:\/\/apreslalune.fr\/index.php\/wp-json\/wp\/v2\/pages\/582\/revisions"}],"predecessor-version":[{"id":585,"href":"https:\/\/apreslalune.fr\/index.php\/wp-json\/wp\/v2\/pages\/582\/revisions\/585"}],"wp:attachment":[{"href":"https:\/\/apreslalune.fr\/index.php\/wp-json\/wp\/v2\/media?parent=582"}],"curies":[{"name":"wp","href":"https:\/\/api.w.org\/{rel}","templated":true}]}}