{"id":586,"date":"2025-02-27T12:20:20","date_gmt":"2025-02-27T12:20:20","guid":{"rendered":"https:\/\/apreslalune.fr\/?page_id=586"},"modified":"2025-03-04T07:10:28","modified_gmt":"2025-03-04T07:10:28","slug":"dernier-combat-editions-apres-la-lune","status":"publish","type":"page","link":"https:\/\/apreslalune.fr\/index.php\/dernier-combat-editions-apres-la-lune\/","title":{"rendered":"Dernier combat"},"content":{"rendered":"\n<figure class=\"wp-block-image size-full is-resized\"><img loading=\"lazy\" decoding=\"async\" width=\"345\" height=\"571\" src=\"http:\/\/apreslalune.fr\/wp-content\/uploads\/2025\/02\/Dernier-combat-.jpg\" alt=\"\" class=\"wp-image-381\" style=\"width:156px;height:auto\" srcset=\"https:\/\/apreslalune.fr\/wp-content\/uploads\/2025\/02\/Dernier-combat-.jpg 345w, https:\/\/apreslalune.fr\/wp-content\/uploads\/2025\/02\/Dernier-combat--181x300.jpg 181w\" sizes=\"auto, (max-width: 345px) 100vw, 345px\" \/><\/figure>\n\n\n\n<p>Qui a tu\u00e9 ? \u00a0\u00bb La question importe peu.<br>Seule compte l&rsquo;\u00e9pouvantable et \u00e9ternelle interrogation : la culpabilit\u00e9 que chacun tra\u00eene derri\u00e8re soi. La fatigue, le manque de sommeil poussent les plus faibles \u00e0 l&rsquo;aveu. On avoue un crime que l&rsquo;on n&rsquo;a pas commis pour oublier une autre culpabilit\u00e9, celle du tr\u00e9fonds des \u00e2ges qui poursuit chaque homme. Jusqu&rsquo;\u00e0 la chute. Car les hommes, que l&rsquo;on soit comme Steiner la victime expiatoire, comme Lucarelli le t\u00e9moin compatissant, ou m\u00eame comme Th\u00e9ron le flic d\u00e9senchant\u00e9, n&rsquo;attendent pas toujours d&rsquo;\u00eatre parvenus au bout du chemin pour s&rsquo;effondrer.<br>Dans la lign\u00e9e de Reno, Nevada, Sylvie Cohen continue d&rsquo;explorer avec acuit\u00e9 les dessous de l&rsquo;\u00e2me humaine. Un roman-requiem o\u00f9 la vie et la mort se livrent une lutte \u00e2pre, d\u00e9sesp\u00e9r\u00e9e.<\/p>\n\n\n\n<ul class=\"wp-block-list\">\n<li>Autrice : Sylvie Cohen<\/li>\n\n\n\n<li>Date de parution : 01\/04\/2006<\/li>\n\n\n\n<li>EAN : 9782352270058<\/li>\n\n\n\n<li>Nombre de pages : 273<\/li>\n\n\n\n<li>Collection : LUNES BLAFARDES<\/li>\n\n\n\n<li>Genre : Polars<\/li>\n\n\n\n<li>Th\u00e8me : Policier \/ Thriller format poche<\/li>\n<\/ul>\n","protected":false},"excerpt":{"rendered":"<p>Qui a tu\u00e9 ? \u00a0\u00bb La question importe peu.Seule compte l&rsquo;\u00e9pouvantable et \u00e9ternelle [&hellip;]<\/p>\n","protected":false},"author":2,"featured_media":0,"parent":0,"menu_order":0,"comment_status":"closed","ping_status":"closed","template":"","meta":{"footnotes":""},"class_list":["post-586","page","type-page","status-publish","hentry"],"_links":{"self":[{"href":"https:\/\/apreslalune.fr\/index.php\/wp-json\/wp\/v2\/pages\/586","targetHints":{"allow":["GET"]}}],"collection":[{"href":"https:\/\/apreslalune.fr\/index.php\/wp-json\/wp\/v2\/pages"}],"about":[{"href":"https:\/\/apreslalune.fr\/index.php\/wp-json\/wp\/v2\/types\/page"}],"author":[{"embeddable":true,"href":"https:\/\/apreslalune.fr\/index.php\/wp-json\/wp\/v2\/users\/2"}],"replies":[{"embeddable":true,"href":"https:\/\/apreslalune.fr\/index.php\/wp-json\/wp\/v2\/comments?post=586"}],"version-history":[{"count":1,"href":"https:\/\/apreslalune.fr\/index.php\/wp-json\/wp\/v2\/pages\/586\/revisions"}],"predecessor-version":[{"id":587,"href":"https:\/\/apreslalune.fr\/index.php\/wp-json\/wp\/v2\/pages\/586\/revisions\/587"}],"wp:attachment":[{"href":"https:\/\/apreslalune.fr\/index.php\/wp-json\/wp\/v2\/media?parent=586"}],"curies":[{"name":"wp","href":"https:\/\/api.w.org\/{rel}","templated":true}]}}