{"id":625,"date":"2025-03-02T12:36:25","date_gmt":"2025-03-02T12:36:25","guid":{"rendered":"https:\/\/apreslalune.fr\/?page_id=625"},"modified":"2025-03-06T13:29:40","modified_gmt":"2025-03-06T13:29:40","slug":"cest-toujours-la-faute-a-la-femme-a-barbe-apres-la-lune","status":"publish","type":"page","link":"https:\/\/apreslalune.fr\/index.php\/cest-toujours-la-faute-a-la-femme-a-barbe-apres-la-lune\/","title":{"rendered":"C&rsquo;est toujours la faute \u00e0 la femme a barbe"},"content":{"rendered":"\n<figure class=\"wp-block-image size-full is-resized\"><img loading=\"lazy\" decoding=\"async\" width=\"345\" height=\"516\" src=\"http:\/\/apreslalune.fr\/wp-content\/uploads\/2025\/02\/AccueilActualites-et-conseilsGenresLitterature-francaiseRomans-Nouvelles-CorrespondanceC-Est-Toujours-La-Faute-A-La-Femme-A-Barbe-C-Est-Toujours-La-Faute-A-La-Femme-A-Barbe-.jpg\" alt=\"\" class=\"wp-image-344\" style=\"width:184px;height:auto\" srcset=\"https:\/\/apreslalune.fr\/wp-content\/uploads\/2025\/02\/AccueilActualites-et-conseilsGenresLitterature-francaiseRomans-Nouvelles-CorrespondanceC-Est-Toujours-La-Faute-A-La-Femme-A-Barbe-C-Est-Toujours-La-Faute-A-La-Femme-A-Barbe-.jpg 345w, https:\/\/apreslalune.fr\/wp-content\/uploads\/2025\/02\/AccueilActualites-et-conseilsGenresLitterature-francaiseRomans-Nouvelles-CorrespondanceC-Est-Toujours-La-Faute-A-La-Femme-A-Barbe-C-Est-Toujours-La-Faute-A-La-Femme-A-Barbe--201x300.jpg 201w\" sizes=\"auto, (max-width: 345px) 100vw, 345px\" \/><\/figure>\n\n\n\n<p>Avec Dominique Zay, les barbus sont glabres, la gravit\u00e9 est l\u00e9g\u00e8re, les parall\u00e8les finissent par s&rsquo;entrechoquer.<br>Son \u00e9criture \u00e9l\u00e9gante, p\u00e9tillante d&rsquo;\u00e9nergie, n&rsquo;est sans doute pas \u00e9trang\u00e8re \u00e0 ce petit miracle. Les femmes \u00e0 barbe sont partout, souvent nich\u00e9es derri\u00e8re une apparence normale. L&#8217;employ\u00e9 derri\u00e8re son guichet, qui va vous pourrir la journ\u00e9e, le flic z\u00e9l\u00e9 qui contr\u00f4le vos papiers dans un silence de plomb et vous colle un regard de toutes les peines, qui laisserait croire que vous auriez trucid\u00e9 vos parents, vos voisins et pas mal de vos anciennes ma\u00eetresses la veille au soir, le faux ami, crisp\u00e9 du sourire, l&rsquo;inf\u00e2me affable qui semble se r\u00e9jouir des infortunes et s&rsquo;assombrir de vos petits bonheurs : tous ces urubus sont des femmes \u00e0 barbe ! Au d\u00e9tour d&rsquo;un geste ou d&rsquo;une parole anodine, elles se r\u00e9v\u00e8lent, se d\u00e9forment et attaquent.<\/p>\n\n\n\n<ul class=\"wp-block-list\">\n<li>Auteur: Dominique Zay<\/li>\n\n\n\n<li>Date de parution : 15\/05\/2006<\/li>\n\n\n\n<li>EAN : 9782352270126<\/li>\n\n\n\n<li>Nombre de pages : 170<\/li>\n\n\n\n<li>Collection : TOUS LES POSSIBLES<\/li>\n\n\n\n<li>Genre : Litt\u00e9rature fran\u00e7aise<\/li>\n<\/ul>\n","protected":false},"excerpt":{"rendered":"<p>Avec Dominique Zay, les barbus sont glabres, la gravit\u00e9 est l\u00e9g\u00e8re, les parall\u00e8les [&hellip;]<\/p>\n","protected":false},"author":2,"featured_media":0,"parent":0,"menu_order":0,"comment_status":"closed","ping_status":"closed","template":"","meta":{"footnotes":""},"class_list":["post-625","page","type-page","status-publish","hentry"],"_links":{"self":[{"href":"https:\/\/apreslalune.fr\/index.php\/wp-json\/wp\/v2\/pages\/625","targetHints":{"allow":["GET"]}}],"collection":[{"href":"https:\/\/apreslalune.fr\/index.php\/wp-json\/wp\/v2\/pages"}],"about":[{"href":"https:\/\/apreslalune.fr\/index.php\/wp-json\/wp\/v2\/types\/page"}],"author":[{"embeddable":true,"href":"https:\/\/apreslalune.fr\/index.php\/wp-json\/wp\/v2\/users\/2"}],"replies":[{"embeddable":true,"href":"https:\/\/apreslalune.fr\/index.php\/wp-json\/wp\/v2\/comments?post=625"}],"version-history":[{"count":2,"href":"https:\/\/apreslalune.fr\/index.php\/wp-json\/wp\/v2\/pages\/625\/revisions"}],"predecessor-version":[{"id":719,"href":"https:\/\/apreslalune.fr\/index.php\/wp-json\/wp\/v2\/pages\/625\/revisions\/719"}],"wp:attachment":[{"href":"https:\/\/apreslalune.fr\/index.php\/wp-json\/wp\/v2\/media?parent=625"}],"curies":[{"name":"wp","href":"https:\/\/api.w.org\/{rel}","templated":true}]}}