{"id":628,"date":"2025-03-02T12:43:04","date_gmt":"2025-03-02T12:43:04","guid":{"rendered":"https:\/\/apreslalune.fr\/?page_id=628"},"modified":"2025-03-04T08:00:28","modified_gmt":"2025-03-04T08:00:28","slug":"vive-la-f-a-r-c-e-2","status":"publish","type":"page","link":"https:\/\/apreslalune.fr\/index.php\/vive-la-f-a-r-c-e-2\/","title":{"rendered":"Vive la F.A.R.C.E. !"},"content":{"rendered":"\n<figure class=\"wp-block-image size-full is-resized\"><img loading=\"lazy\" decoding=\"async\" width=\"314\" height=\"500\" src=\"http:\/\/apreslalune.fr\/wp-content\/uploads\/2025\/02\/vive-la-F.A.R.C.E.jpg\" alt=\"\" class=\"wp-image-412\" style=\"width:177px;height:auto\" srcset=\"https:\/\/apreslalune.fr\/wp-content\/uploads\/2025\/02\/vive-la-F.A.R.C.E.jpg 314w, https:\/\/apreslalune.fr\/wp-content\/uploads\/2025\/02\/vive-la-F.A.R.C.E-188x300.jpg 188w\" sizes=\"auto, (max-width: 314px) 100vw, 314px\" \/><\/figure>\n\n\n\n<p>Tandis que la France plonge dans la crise et que les usines ferment les unes apr\u00e8s les autres, en Lorraine, quatre ouvriers d\u00e9cident de passer \u00e0 l&rsquo;action directe : arroser de purin ceux qu&rsquo;ils consid\u00e8rent comme responsables. La philosophie de la F.A.R.C.E. va se r\u00e9pandre comme une tra\u00een\u00e9e de poudre. Politiques, financiers, notables, personne n&rsquo;est \u00e9pargn\u00e9. Un matin, tout bascule. L&rsquo;ancien contrema\u00eetre est retrouv\u00e9 mort, la t\u00eate dans un seau de purin.<br>Un tract sign\u00e9 F.A.R.C.E. revendique l&rsquo;attentat. Les chiens sont l\u00e2ch\u00e9s, et ils sont enrag\u00e9s. Vive la F.A.R.C.E. ! renoue avec une longue tradition de polar social fortement teint\u00e9 d&rsquo;humour et d&rsquo;humanit\u00e9. Zilber Karevski dresse le portrait touchant d&rsquo;\u00eatres humains qui se d\u00e9battent, avec leurs faiblesses, leur rage, leurs contradictions, dans un monde o\u00f9 les puissances de l&rsquo;argent r\u00e8gnent sans partage.<\/p>\n\n\n\n<ul class=\"wp-block-list\">\n<li>Auteur : Zilber Karevski<\/li>\n\n\n\n<li>Date de parution : 24\/10\/2013<\/li>\n\n\n\n<li>EAN <strong>:<\/strong> 9782352270881<\/li>\n\n\n\n<li>Nombre de pages : 168<\/li>\n\n\n\n<li>Collection : LUNES BLAFARDES<\/li>\n\n\n\n<li>Genre : Polars<\/li>\n<\/ul>\n\n\n\n<p><\/p>\n","protected":false},"excerpt":{"rendered":"<p>Tandis que la France plonge dans la crise et que les usines ferment [&hellip;]<\/p>\n","protected":false},"author":2,"featured_media":0,"parent":0,"menu_order":0,"comment_status":"closed","ping_status":"closed","template":"","meta":{"footnotes":""},"class_list":["post-628","page","type-page","status-publish","hentry"],"_links":{"self":[{"href":"https:\/\/apreslalune.fr\/index.php\/wp-json\/wp\/v2\/pages\/628","targetHints":{"allow":["GET"]}}],"collection":[{"href":"https:\/\/apreslalune.fr\/index.php\/wp-json\/wp\/v2\/pages"}],"about":[{"href":"https:\/\/apreslalune.fr\/index.php\/wp-json\/wp\/v2\/types\/page"}],"author":[{"embeddable":true,"href":"https:\/\/apreslalune.fr\/index.php\/wp-json\/wp\/v2\/users\/2"}],"replies":[{"embeddable":true,"href":"https:\/\/apreslalune.fr\/index.php\/wp-json\/wp\/v2\/comments?post=628"}],"version-history":[{"count":1,"href":"https:\/\/apreslalune.fr\/index.php\/wp-json\/wp\/v2\/pages\/628\/revisions"}],"predecessor-version":[{"id":629,"href":"https:\/\/apreslalune.fr\/index.php\/wp-json\/wp\/v2\/pages\/628\/revisions\/629"}],"wp:attachment":[{"href":"https:\/\/apreslalune.fr\/index.php\/wp-json\/wp\/v2\/media?parent=628"}],"curies":[{"name":"wp","href":"https:\/\/api.w.org\/{rel}","templated":true}]}}