{"id":640,"date":"2025-03-02T13:04:13","date_gmt":"2025-03-02T13:04:13","guid":{"rendered":"https:\/\/apreslalune.fr\/?page_id=640"},"modified":"2025-03-02T13:06:41","modified_gmt":"2025-03-02T13:06:41","slug":"mon-petit-secret-la-maitresse-en-maillot-de-bain-de-sigmund-f","status":"publish","type":"page","link":"https:\/\/apreslalune.fr\/index.php\/mon-petit-secret-la-maitresse-en-maillot-de-bain-de-sigmund-f\/","title":{"rendered":"Mon petit secret : La ma\u00eetresse en maillot de bain de Sigmund F."},"content":{"rendered":"\n<figure class=\"wp-block-image is-resized\" id=\"block-9f9191b5-3648-4ac8-926a-0e5441b7c3e2\"><img decoding=\"async\" src=\"http:\/\/apreslalune.fr\/wp-content\/uploads\/2025\/02\/Mon-petit-secret-n\u00b010-1-1.jpg\" alt=\"L\u2019attribut alt de cette image est vide, son nom de fichier est Mon-petit-secret-n%C2%B010-1-1.jpg.\" style=\"width:183px;height:auto\"\/><\/figure>\n\n\n\n<p id=\"block-bc702d49-6726-4918-b04d-5ae666269ba3\">Je vais vous raconter un secret, je me suis fait gronder.<br>Grand papa Jakob m&rsquo;a puni. Que je vous explique : je m&rsquo;appelle Schlomo Sigismund Freud. J&rsquo;habite Vienne depuis peu. Avant, je vivais \u00e0 Frieberg, en Moravie. C&rsquo;est l\u00e0 que tout a commenc\u00e9\u2026 D&rsquo;abord, Grand papa Jakob n&rsquo;est pas mon grand-p\u00e8re mais mon papa. Il me semble juste le plus puissant des hommes. Il dort avec Maman Amalie, et moi je ne suis pas d&rsquo;accord. Pas du tout. C&rsquo;est une erreur.<\/p>\n\n\n\n<ul id=\"block-d56c7048-89ac-4c22-8957-3874b02c7be6\" class=\"wp-block-list\">\n<li>Autrice : Sylvie Cohen<\/li>\n\n\n\n<li>Date de parution : 01\/04\/2006<\/li>\n\n\n\n<li>EAN : 9782352270089<\/li>\n\n\n\n<li>Nombre de pages : 55<\/li>\n\n\n\n<li>Collection : LA MAITRESSE EN MAILLOT DE BAIN<\/li>\n<\/ul>\n","protected":false},"excerpt":{"rendered":"<p>Je vais vous raconter un secret, je me suis fait gronder.Grand papa Jakob [&hellip;]<\/p>\n","protected":false},"author":2,"featured_media":0,"parent":0,"menu_order":0,"comment_status":"closed","ping_status":"closed","template":"","meta":{"footnotes":""},"class_list":["post-640","page","type-page","status-publish","hentry"],"_links":{"self":[{"href":"https:\/\/apreslalune.fr\/index.php\/wp-json\/wp\/v2\/pages\/640","targetHints":{"allow":["GET"]}}],"collection":[{"href":"https:\/\/apreslalune.fr\/index.php\/wp-json\/wp\/v2\/pages"}],"about":[{"href":"https:\/\/apreslalune.fr\/index.php\/wp-json\/wp\/v2\/types\/page"}],"author":[{"embeddable":true,"href":"https:\/\/apreslalune.fr\/index.php\/wp-json\/wp\/v2\/users\/2"}],"replies":[{"embeddable":true,"href":"https:\/\/apreslalune.fr\/index.php\/wp-json\/wp\/v2\/comments?post=640"}],"version-history":[{"count":2,"href":"https:\/\/apreslalune.fr\/index.php\/wp-json\/wp\/v2\/pages\/640\/revisions"}],"predecessor-version":[{"id":643,"href":"https:\/\/apreslalune.fr\/index.php\/wp-json\/wp\/v2\/pages\/640\/revisions\/643"}],"wp:attachment":[{"href":"https:\/\/apreslalune.fr\/index.php\/wp-json\/wp\/v2\/media?parent=640"}],"curies":[{"name":"wp","href":"https:\/\/api.w.org\/{rel}","templated":true}]}}