{"id":644,"date":"2025-03-02T13:11:03","date_gmt":"2025-03-02T13:11:03","guid":{"rendered":"https:\/\/apreslalune.fr\/?page_id=644"},"modified":"2025-03-04T07:21:43","modified_gmt":"2025-03-04T07:21:43","slug":"les-hyenes-editions-apres-la-lune","status":"publish","type":"page","link":"https:\/\/apreslalune.fr\/index.php\/les-hyenes-editions-apres-la-lune\/","title":{"rendered":"Les hy\u00e8nes"},"content":{"rendered":"\n<figure class=\"wp-block-image size-large is-resized\"><img loading=\"lazy\" decoding=\"async\" width=\"631\" height=\"1024\" src=\"http:\/\/apreslalune.fr\/wp-content\/uploads\/2025\/02\/Les-Hyenes-de-Arnaud-Gobin-631x1024.jpg\" alt=\"\" class=\"wp-image-348\" style=\"width:169px;height:auto\" srcset=\"https:\/\/apreslalune.fr\/wp-content\/uploads\/2025\/02\/Les-Hyenes-de-Arnaud-Gobin-631x1024.jpg 631w, https:\/\/apreslalune.fr\/wp-content\/uploads\/2025\/02\/Les-Hyenes-de-Arnaud-Gobin-185x300.jpg 185w, https:\/\/apreslalune.fr\/wp-content\/uploads\/2025\/02\/Les-Hyenes-de-Arnaud-Gobin.jpg 707w\" sizes=\"auto, (max-width: 631px) 100vw, 631px\" \/><\/figure>\n\n\n\n<p>Des personnalit\u00e9s du monde politique, industriel et artistique de la C\u00f4te d&rsquo;Azur sont tortur\u00e9es et assassin\u00e9es dans des mises en sc\u00e8ne particuli\u00e8rement sauvages et scabreuses. Entre St\u00e9phanie la transsexuelle, Etienne le travesti occasionnel et Sandra, obs\u00e9d\u00e9e par la recherche de son demi-fr\u00e8re, les suspects ne manquent pas. A moins que cette h\u00e9catombe ne soit commandit\u00e9e depuis la Tch\u00e9tch\u00e9nie ? Ou par un r\u00e9seau d&rsquo;int\u00e9gristes ? Le commissaire Cassoni et son \u00e9quipe s&rsquo;engagent dans une haletante chasse aux fauves. Au terme d&rsquo;un tourbillon sanglant, les hy\u00e8nes leur r\u00e9serveront une bien \u00e9trange surprise. Nouveau venu dans la galaxie polar, Arnaud Gobin prouve avec ce roman plein de punch, d&rsquo;humour et de rebondissements qu&rsquo;il faudra d\u00e9sormais compter avec lui. Avec Gobin, \u00e7a d\u00e9m\u00e9nage !<\/p>\n\n\n\n<ul class=\"wp-block-list\">\n<li>Arnaud Gobin<\/li>\n\n\n\n<li>Date de parution : 10\/04\/2007<\/li>\n\n\n\n<li>EAN : 9782352270409<\/li>\n\n\n\n<li>Nombre de pages <strong>:<\/strong> 239<\/li>\n\n\n\n<li>Collection : LUNES BLAFARDES<\/li>\n\n\n\n<li>Genre : Polars<\/li>\n<\/ul>\n","protected":false},"excerpt":{"rendered":"<p>Des personnalit\u00e9s du monde politique, industriel et artistique de la C\u00f4te d&rsquo;Azur sont [&hellip;]<\/p>\n","protected":false},"author":2,"featured_media":0,"parent":0,"menu_order":0,"comment_status":"closed","ping_status":"closed","template":"","meta":{"footnotes":""},"class_list":["post-644","page","type-page","status-publish","hentry"],"_links":{"self":[{"href":"https:\/\/apreslalune.fr\/index.php\/wp-json\/wp\/v2\/pages\/644","targetHints":{"allow":["GET"]}}],"collection":[{"href":"https:\/\/apreslalune.fr\/index.php\/wp-json\/wp\/v2\/pages"}],"about":[{"href":"https:\/\/apreslalune.fr\/index.php\/wp-json\/wp\/v2\/types\/page"}],"author":[{"embeddable":true,"href":"https:\/\/apreslalune.fr\/index.php\/wp-json\/wp\/v2\/users\/2"}],"replies":[{"embeddable":true,"href":"https:\/\/apreslalune.fr\/index.php\/wp-json\/wp\/v2\/comments?post=644"}],"version-history":[{"count":1,"href":"https:\/\/apreslalune.fr\/index.php\/wp-json\/wp\/v2\/pages\/644\/revisions"}],"predecessor-version":[{"id":645,"href":"https:\/\/apreslalune.fr\/index.php\/wp-json\/wp\/v2\/pages\/644\/revisions\/645"}],"wp:attachment":[{"href":"https:\/\/apreslalune.fr\/index.php\/wp-json\/wp\/v2\/media?parent=644"}],"curies":[{"name":"wp","href":"https:\/\/api.w.org\/{rel}","templated":true}]}}