{"id":647,"date":"2025-03-02T13:21:00","date_gmt":"2025-03-02T13:21:00","guid":{"rendered":"https:\/\/apreslalune.fr\/?page_id=647"},"modified":"2025-03-04T08:03:43","modified_gmt":"2025-03-04T08:03:43","slug":"lage-de-pierre-2","status":"publish","type":"page","link":"https:\/\/apreslalune.fr\/index.php\/lage-de-pierre-2\/","title":{"rendered":"L&rsquo;\u00e2ge de pierre"},"content":{"rendered":"\n<figure class=\"wp-block-image size-full is-resized\"><img loading=\"lazy\" decoding=\"async\" width=\"345\" height=\"495\" src=\"http:\/\/apreslalune.fr\/wp-content\/uploads\/2025\/02\/Lage-de-pierre-1-1.jpg\" alt=\"\" class=\"wp-image-384\" style=\"width:181px;height:auto\" srcset=\"https:\/\/apreslalune.fr\/wp-content\/uploads\/2025\/02\/Lage-de-pierre-1-1.jpg 345w, https:\/\/apreslalune.fr\/wp-content\/uploads\/2025\/02\/Lage-de-pierre-1-1-209x300.jpg 209w\" sizes=\"auto, (max-width: 345px) 100vw, 345px\" \/><\/figure>\n\n\n\n<p>Mon fr\u00e8re faisait courir des rumeurs comme quoi son copain Brutasse allait me casser la t\u00eate, c&rsquo;\u00e9tait un miracle que j&rsquo;en aie r\u00e9chapp\u00e9, ah, il y avait un bon Dieu pour les tapettes.<br>J&rsquo;avais beau \u00eatre un renard amoureux de Natalisalmon, on me prenait pour un phoque. Mon fr\u00e8re m&rsquo;a aiguis\u00e9 comme un silex ; depuis, entre la combustion et l&rsquo;\u00e9tincelle, je consume les f\u00e9es d\u00e9gringol\u00e9es et le vent comme autant de miracles improvis\u00e9s. Nous avons pass\u00e9 l&rsquo;\u00e2ge de pierre.<\/p>\n\n\n\n<p>Auteur : F\u00e9rey Caryl <br>Date de parution : 01\/04\/2006<br>EAN : 9782352270102<br>Pages : 56<\/p>\n\n\n\n<p><br><\/p>\n","protected":false},"excerpt":{"rendered":"<p>Mon fr\u00e8re faisait courir des rumeurs comme quoi son copain Brutasse allait me [&hellip;]<\/p>\n","protected":false},"author":2,"featured_media":0,"parent":0,"menu_order":0,"comment_status":"closed","ping_status":"closed","template":"","meta":{"footnotes":""},"class_list":["post-647","page","type-page","status-publish","hentry"],"_links":{"self":[{"href":"https:\/\/apreslalune.fr\/index.php\/wp-json\/wp\/v2\/pages\/647","targetHints":{"allow":["GET"]}}],"collection":[{"href":"https:\/\/apreslalune.fr\/index.php\/wp-json\/wp\/v2\/pages"}],"about":[{"href":"https:\/\/apreslalune.fr\/index.php\/wp-json\/wp\/v2\/types\/page"}],"author":[{"embeddable":true,"href":"https:\/\/apreslalune.fr\/index.php\/wp-json\/wp\/v2\/users\/2"}],"replies":[{"embeddable":true,"href":"https:\/\/apreslalune.fr\/index.php\/wp-json\/wp\/v2\/comments?post=647"}],"version-history":[{"count":1,"href":"https:\/\/apreslalune.fr\/index.php\/wp-json\/wp\/v2\/pages\/647\/revisions"}],"predecessor-version":[{"id":648,"href":"https:\/\/apreslalune.fr\/index.php\/wp-json\/wp\/v2\/pages\/647\/revisions\/648"}],"wp:attachment":[{"href":"https:\/\/apreslalune.fr\/index.php\/wp-json\/wp\/v2\/media?parent=647"}],"curies":[{"name":"wp","href":"https:\/\/api.w.org\/{rel}","templated":true}]}}