{"id":651,"date":"2025-03-02T14:36:01","date_gmt":"2025-03-02T14:36:01","guid":{"rendered":"https:\/\/apreslalune.fr\/?page_id=651"},"modified":"2025-03-04T07:08:11","modified_gmt":"2025-03-04T07:08:11","slug":"camus-dans-le-narguile-apres-la-lune","status":"publish","type":"page","link":"https:\/\/apreslalune.fr\/index.php\/camus-dans-le-narguile-apres-la-lune\/","title":{"rendered":"Camus dans le narguil\u00e9"},"content":{"rendered":"\n<figure class=\"wp-block-image size-full is-resized\"><img loading=\"lazy\" decoding=\"async\" width=\"345\" height=\"526\" src=\"http:\/\/apreslalune.fr\/wp-content\/uploads\/2025\/02\/Camus-dans-le-narguile-.jpg\" alt=\"\" class=\"wp-image-373\" style=\"width:160px;height:auto\" srcset=\"https:\/\/apreslalune.fr\/wp-content\/uploads\/2025\/02\/Camus-dans-le-narguile-.jpg 345w, https:\/\/apreslalune.fr\/wp-content\/uploads\/2025\/02\/Camus-dans-le-narguile--197x300.jpg 197w\" sizes=\"auto, (max-width: 345px) 100vw, 345px\" \/><\/figure>\n\n\n\n<p>Un \u00e9tonnant roman, qui aborde le rapport souvent complexe entre Albert Camus et l&rsquo;Alg\u00e9rie, en le mettant en parall\u00e8le avec la qu\u00eate impossible du p\u00e8re, et la r\u00e9conciliation posthume avec celui-ci <\/p>\n\n\n\n<ul class=\"wp-block-list\">\n<li>Auteur : Hamid Grine<\/li>\n\n\n\n<li>Date de parution : 24\/11\/2011<\/li>\n\n\n\n<li>EAN : 9782352270676<\/li>\n\n\n\n<li>Nombre de pages : 173<\/li>\n\n\n\n<li>Genre : Litt\u00e9rature <\/li>\n<\/ul>\n\n\n\n<p><\/p>\n","protected":false},"excerpt":{"rendered":"<p>Un \u00e9tonnant roman, qui aborde le rapport souvent complexe entre Albert Camus et [&hellip;]<\/p>\n","protected":false},"author":2,"featured_media":0,"parent":0,"menu_order":0,"comment_status":"closed","ping_status":"closed","template":"","meta":{"footnotes":""},"class_list":["post-651","page","type-page","status-publish","hentry"],"_links":{"self":[{"href":"https:\/\/apreslalune.fr\/index.php\/wp-json\/wp\/v2\/pages\/651","targetHints":{"allow":["GET"]}}],"collection":[{"href":"https:\/\/apreslalune.fr\/index.php\/wp-json\/wp\/v2\/pages"}],"about":[{"href":"https:\/\/apreslalune.fr\/index.php\/wp-json\/wp\/v2\/types\/page"}],"author":[{"embeddable":true,"href":"https:\/\/apreslalune.fr\/index.php\/wp-json\/wp\/v2\/users\/2"}],"replies":[{"embeddable":true,"href":"https:\/\/apreslalune.fr\/index.php\/wp-json\/wp\/v2\/comments?post=651"}],"version-history":[{"count":2,"href":"https:\/\/apreslalune.fr\/index.php\/wp-json\/wp\/v2\/pages\/651\/revisions"}],"predecessor-version":[{"id":653,"href":"https:\/\/apreslalune.fr\/index.php\/wp-json\/wp\/v2\/pages\/651\/revisions\/653"}],"wp:attachment":[{"href":"https:\/\/apreslalune.fr\/index.php\/wp-json\/wp\/v2\/media?parent=651"}],"curies":[{"name":"wp","href":"https:\/\/api.w.org\/{rel}","templated":true}]}}