{"id":700,"date":"2025-03-06T10:44:00","date_gmt":"2025-03-06T10:44:00","guid":{"rendered":"https:\/\/apreslalune.fr\/?page_id=700"},"modified":"2025-03-06T10:44:00","modified_gmt":"2025-03-06T10:44:00","slug":"bons-baisers-de-la-galette-les-bains","status":"publish","type":"page","link":"https:\/\/apreslalune.fr\/index.php\/bons-baisers-de-la-galette-les-bains\/","title":{"rendered":"Bons baisers de la Galette-les-Bains"},"content":{"rendered":"\n<figure class=\"wp-block-image size-full is-resized\"><img loading=\"lazy\" decoding=\"async\" width=\"345\" height=\"490\" src=\"http:\/\/apreslalune.fr\/wp-content\/uploads\/2025\/02\/Bons-baisers-de-la-Galette-les-Bains-.jpg\" alt=\"\" class=\"wp-image-372\" style=\"width:220px;height:auto\" srcset=\"https:\/\/apreslalune.fr\/wp-content\/uploads\/2025\/02\/Bons-baisers-de-la-Galette-les-Bains-.jpg 345w, https:\/\/apreslalune.fr\/wp-content\/uploads\/2025\/02\/Bons-baisers-de-la-Galette-les-Bains--211x300.jpg 211w\" sizes=\"auto, (max-width: 345px) 100vw, 345px\" \/><\/figure>\n\n\n\n<p>Pour Jules Lemousse, cette ann\u00e9e, c&rsquo;est vacances \u00e0 la plage en famille.<br>il y a m\u00eame p\u00e9p\u00e9 Albert, qui perd un peu la t\u00eate. un peu trop. quoi de mieux qu&rsquo;un joli cahier pour imprimer \u00e0 jamais de nouveaux souvenirs ? course de crabes, profiteroles pirates et galets doux, voil\u00e0 un \u00e9t\u00e9 qu&rsquo;on n&rsquo;est pas pr\u00e8s d&rsquo;oublier !<\/p>\n\n\n\n<ul class=\"wp-block-list\">\n<li>Autrices : Carole Chaix<a href=\"https:\/\/www.lecteurs.com\/auteur\/lilas-nord\/3288412\">, <\/a>Lilas Nord<\/li>\n\n\n\n<li>Date de parution : 10\/05\/200<strong>EAN :<\/strong> 9782352270362<\/li>\n\n\n\n<li>Nombre de pages : 126<\/li>\n\n\n\n<li>Genre : Litt\u00e9rature jeunesse<\/li>\n<\/ul>\n","protected":false},"excerpt":{"rendered":"<p>Pour Jules Lemousse, cette ann\u00e9e, c&rsquo;est vacances \u00e0 la plage en famille.il y [&hellip;]<\/p>\n","protected":false},"author":2,"featured_media":0,"parent":0,"menu_order":0,"comment_status":"closed","ping_status":"closed","template":"","meta":{"footnotes":""},"class_list":["post-700","page","type-page","status-publish","hentry"],"_links":{"self":[{"href":"https:\/\/apreslalune.fr\/index.php\/wp-json\/wp\/v2\/pages\/700","targetHints":{"allow":["GET"]}}],"collection":[{"href":"https:\/\/apreslalune.fr\/index.php\/wp-json\/wp\/v2\/pages"}],"about":[{"href":"https:\/\/apreslalune.fr\/index.php\/wp-json\/wp\/v2\/types\/page"}],"author":[{"embeddable":true,"href":"https:\/\/apreslalune.fr\/index.php\/wp-json\/wp\/v2\/users\/2"}],"replies":[{"embeddable":true,"href":"https:\/\/apreslalune.fr\/index.php\/wp-json\/wp\/v2\/comments?post=700"}],"version-history":[{"count":1,"href":"https:\/\/apreslalune.fr\/index.php\/wp-json\/wp\/v2\/pages\/700\/revisions"}],"predecessor-version":[{"id":701,"href":"https:\/\/apreslalune.fr\/index.php\/wp-json\/wp\/v2\/pages\/700\/revisions\/701"}],"wp:attachment":[{"href":"https:\/\/apreslalune.fr\/index.php\/wp-json\/wp\/v2\/media?parent=700"}],"curies":[{"name":"wp","href":"https:\/\/api.w.org\/{rel}","templated":true}]}}