{"id":703,"date":"2025-03-06T10:50:28","date_gmt":"2025-03-06T10:50:28","guid":{"rendered":"https:\/\/apreslalune.fr\/?page_id=703"},"modified":"2025-03-06T10:50:28","modified_gmt":"2025-03-06T10:50:28","slug":"le-dernier-dimanche-de-monsieur-le-chancelier-hitler","status":"publish","type":"page","link":"https:\/\/apreslalune.fr\/index.php\/le-dernier-dimanche-de-monsieur-le-chancelier-hitler\/","title":{"rendered":"Le Dernier Dimanche de Monsieur le Chancelier Hitler"},"content":{"rendered":"\n<figure class=\"wp-block-image size-full is-resized\"><img loading=\"lazy\" decoding=\"async\" width=\"345\" height=\"524\" src=\"http:\/\/apreslalune.fr\/wp-content\/uploads\/2025\/02\/Le-dernier-Dimanche-de-monsieur-le-1-1.jpg\" alt=\"\" class=\"wp-image-390\" style=\"width:192px;height:auto\" srcset=\"https:\/\/apreslalune.fr\/wp-content\/uploads\/2025\/02\/Le-dernier-Dimanche-de-monsieur-le-1-1.jpg 345w, https:\/\/apreslalune.fr\/wp-content\/uploads\/2025\/02\/Le-dernier-Dimanche-de-monsieur-le-1-1-198x300.jpg 198w\" sizes=\"auto, (max-width: 345px) 100vw, 345px\" \/><\/figure>\n\n\n\n<p>C&rsquo;est un petit bonhomme grisonnant, aux mains tremblantes, v\u00eatu d&rsquo;un costume gris \u00e9triqu\u00e9. Il perd ses cheveux, ses yeux faiblissent, mais il a horreur d&rsquo;\u00eatre vu avec des lunettes. Il est atteint de la maladie de Parkinson et ion lui soup\u00e7onne un d\u00e9but d&rsquo;Alzheimer. Il habite un petit trois-pi\u00e8ces dans South Brooklyn avec sa femme Eva. Autrefois Eva Braun. En cette ann\u00e9e 1949, cela fait quatre ans que le petit bonhomme a \u00e9t\u00e9 accueilli aux Etats-Unis o\u00f9 il vit sous la surveillance constante du FBI. C&rsquo;est que, jusqu&rsquo;en mai 1945, il \u00e9tait chancelier du Troisi\u00e8me Reich. Son nom : Adolph Hitler. Son destin ? Pas brillant : bien qu&rsquo;il soit loin d&rsquo;en douter, il n&rsquo;a plus que deux jours \u00e0 vivre.<\/p>\n\n\n\n<ul class=\"wp-block-list\">\n<li>Auteur : Jean-Pierre Andrevon<\/li>\n\n\n\n<li>Date de parution : 03\/06\/2010<\/li>\n\n\n\n<li>EAN : 9782352270478<\/li>\n\n\n\n<li><strong>N<\/strong>ombre de pages : 108<\/li>\n\n\n\n<li>Genre : Litt\u00e9rature fran\u00e7aise<\/li>\n<\/ul>\n","protected":false},"excerpt":{"rendered":"<p>C&rsquo;est un petit bonhomme grisonnant, aux mains tremblantes, v\u00eatu d&rsquo;un costume gris \u00e9triqu\u00e9. [&hellip;]<\/p>\n","protected":false},"author":2,"featured_media":0,"parent":0,"menu_order":0,"comment_status":"closed","ping_status":"closed","template":"","meta":{"footnotes":""},"class_list":["post-703","page","type-page","status-publish","hentry"],"_links":{"self":[{"href":"https:\/\/apreslalune.fr\/index.php\/wp-json\/wp\/v2\/pages\/703","targetHints":{"allow":["GET"]}}],"collection":[{"href":"https:\/\/apreslalune.fr\/index.php\/wp-json\/wp\/v2\/pages"}],"about":[{"href":"https:\/\/apreslalune.fr\/index.php\/wp-json\/wp\/v2\/types\/page"}],"author":[{"embeddable":true,"href":"https:\/\/apreslalune.fr\/index.php\/wp-json\/wp\/v2\/users\/2"}],"replies":[{"embeddable":true,"href":"https:\/\/apreslalune.fr\/index.php\/wp-json\/wp\/v2\/comments?post=703"}],"version-history":[{"count":1,"href":"https:\/\/apreslalune.fr\/index.php\/wp-json\/wp\/v2\/pages\/703\/revisions"}],"predecessor-version":[{"id":704,"href":"https:\/\/apreslalune.fr\/index.php\/wp-json\/wp\/v2\/pages\/703\/revisions\/704"}],"wp:attachment":[{"href":"https:\/\/apreslalune.fr\/index.php\/wp-json\/wp\/v2\/media?parent=703"}],"curies":[{"name":"wp","href":"https:\/\/api.w.org\/{rel}","templated":true}]}}