{"id":713,"date":"2025-03-06T11:24:59","date_gmt":"2025-03-06T11:24:59","guid":{"rendered":"https:\/\/apreslalune.fr\/?page_id=713"},"modified":"2025-03-06T11:24:59","modified_gmt":"2025-03-06T11:24:59","slug":"camino-999","status":"publish","type":"page","link":"https:\/\/apreslalune.fr\/index.php\/camino-999\/","title":{"rendered":"Camino 999"},"content":{"rendered":"\n<figure class=\"wp-block-image size-full\"><img loading=\"lazy\" decoding=\"async\" width=\"210\" height=\"332\" src=\"http:\/\/apreslalune.fr\/wp-content\/uploads\/2025\/02\/Camino999.jpg\" alt=\"\" class=\"wp-image-417\" srcset=\"https:\/\/apreslalune.fr\/wp-content\/uploads\/2025\/02\/Camino999.jpg 210w, https:\/\/apreslalune.fr\/wp-content\/uploads\/2025\/02\/Camino999-190x300.jpg 190w\" sizes=\"auto, (max-width: 210px) 100vw, 210px\" \/><\/figure>\n\n\n\n<p>Carla Montalban, chef de groupe de la brigade criminelle de Lyon, enqu\u00eate sur des meurtres qui semblent impliquer sa propre famille, li\u00e9e \u00e0 l&rsquo;Opus Dei.<br>Ses investigations vont la conduire au c\u0153ur de l&rsquo;affaire Matesa, le scandale politico-financier espagnol qui \u00e9claboussa les Giscard d&rsquo;Estaing dans les ann\u00e9es 70, au temps des R\u00e9publicains Ind\u00e9pendants et de l&rsquo;assassinat du d\u00e9put\u00e9 Jean de Broglie. de Lyon \u00e0 l&rsquo;Irlande en passant par l&rsquo;Argentine, <em>Camino 999 <\/em>d\u00e9crypte les relations troubles entre le pouvoir et l&rsquo;argent au sein de la Santa Mafia, bras arm\u00e9 du Vatican.<br>Apr\u00e8s La col\u00e8re des enfants d\u00e9chus, couronn\u00e9 par le Grand prix de Litt\u00e9rature Polici\u00e8re et le prix Sang d&rsquo;Encre 2006, Catherine Fradier impose sa marque avec ce thriller men\u00e9 tambour battant, qui a obtenu le prix SNCF du Polar 2008, et acc\u00e8de au titre de reine fran\u00e7aise du crime, \u00e0 l&rsquo;\u00e9gal de ses cons\u0153urs anglo-saxonnes.<br>Ce roman a fortement d\u00e9plu \u00e0 l&rsquo;Opus Dei, qui a intent\u00e9 (et perdu) en 2007 un proc\u00e8s en diffamation contre l&rsquo;auteur et son \u00e9diteur. <\/p>\n\n\n\n<ul class=\"wp-block-list\">\n<li>Autrice : Catherine Fradier<\/li>\n\n\n\n<li>Date de parution : 13\/03\/2007<\/li>\n\n\n\n<li>EAN : 9782352270379<\/li>\n\n\n\n<li>Nombre de pages : 395<\/li>\n\n\n\n<li>Collection : LUNES BLAFARDES<\/li>\n\n\n\n<li>Genre : Polars<\/li>\n\n\n\n<li>Prix<strong> <\/strong>litt\u00e9raire(s) : SNCF du Polar 2008<\/li>\n<\/ul>\n","protected":false},"excerpt":{"rendered":"<p>Carla Montalban, chef de groupe de la brigade criminelle de Lyon, enqu\u00eate sur [&hellip;]<\/p>\n","protected":false},"author":2,"featured_media":0,"parent":0,"menu_order":0,"comment_status":"closed","ping_status":"closed","template":"","meta":{"footnotes":""},"class_list":["post-713","page","type-page","status-publish","hentry"],"_links":{"self":[{"href":"https:\/\/apreslalune.fr\/index.php\/wp-json\/wp\/v2\/pages\/713","targetHints":{"allow":["GET"]}}],"collection":[{"href":"https:\/\/apreslalune.fr\/index.php\/wp-json\/wp\/v2\/pages"}],"about":[{"href":"https:\/\/apreslalune.fr\/index.php\/wp-json\/wp\/v2\/types\/page"}],"author":[{"embeddable":true,"href":"https:\/\/apreslalune.fr\/index.php\/wp-json\/wp\/v2\/users\/2"}],"replies":[{"embeddable":true,"href":"https:\/\/apreslalune.fr\/index.php\/wp-json\/wp\/v2\/comments?post=713"}],"version-history":[{"count":1,"href":"https:\/\/apreslalune.fr\/index.php\/wp-json\/wp\/v2\/pages\/713\/revisions"}],"predecessor-version":[{"id":714,"href":"https:\/\/apreslalune.fr\/index.php\/wp-json\/wp\/v2\/pages\/713\/revisions\/714"}],"wp:attachment":[{"href":"https:\/\/apreslalune.fr\/index.php\/wp-json\/wp\/v2\/media?parent=713"}],"curies":[{"name":"wp","href":"https:\/\/api.w.org\/{rel}","templated":true}]}}