{"id":734,"date":"2025-03-08T11:17:25","date_gmt":"2025-03-08T11:17:25","guid":{"rendered":"https:\/\/apreslalune.fr\/?page_id=734"},"modified":"2025-03-08T11:17:25","modified_gmt":"2025-03-08T11:17:25","slug":"compagnons-des-forets","status":"publish","type":"page","link":"https:\/\/apreslalune.fr\/index.php\/compagnons-des-forets\/","title":{"rendered":"Compagnons Des For\u00eats"},"content":{"rendered":"\n<figure class=\"wp-block-image size-full is-resized\"><img loading=\"lazy\" decoding=\"async\" width=\"345\" height=\"496\" src=\"http:\/\/apreslalune.fr\/wp-content\/uploads\/2025\/02\/Compagnons-Des-Forets.jpg\" alt=\"Compagnons Des Forets Mars Villard Editions Apr\u00e8s la Lune\" class=\"wp-image-377\" style=\"width:205px;height:auto\" srcset=\"https:\/\/apreslalune.fr\/wp-content\/uploads\/2025\/02\/Compagnons-Des-Forets.jpg 345w, https:\/\/apreslalune.fr\/wp-content\/uploads\/2025\/02\/Compagnons-Des-Forets-209x300.jpg 209w\" sizes=\"auto, (max-width: 345px) 100vw, 345px\" \/><\/figure>\n\n\n\n<p>Nous, groupe historique des Compagnons des for\u00eats, campeurs imp\u00e9nitents, \u00e9tions obs\u00e9d\u00e9s par l&rsquo;excellence, les costumes paillet\u00e9s, les guitares p\u00e9tillantes, les gros amplis.<br>Nonoss faisait dans la d\u00e9glingue punk avant l&rsquo;heure. Je repensais \u00e0 toutes ces choses en le contemplant, chez Jeanjean, de l&rsquo;autre c\u00f4t\u00e9 de la table. Et je sus, de suite, que notre jeunesse \u00e9tait derri\u00e8re nous.<\/p>\n\n\n\n<ul class=\"wp-block-list\">\n<li>Auteur : Villard Marc<\/li>\n\n\n\n<li>Date de parution : 08\/06\/2006<\/li>\n\n\n\n<li>EAN : 9782352270164<\/li>\n\n\n\n<li>Nombre de pages : 75<\/li>\n\n\n\n<li>Collection : LA MAITRESSE EN MAILLOT DE BAIN<\/li>\n\n\n\n<li>Genre : Litt\u00e9rature fran\u00e7aise<\/li>\n<\/ul>\n\n\n\n<p><\/p>\n","protected":false},"excerpt":{"rendered":"<p>Nous, groupe historique des Compagnons des for\u00eats, campeurs imp\u00e9nitents, \u00e9tions obs\u00e9d\u00e9s par l&rsquo;excellence, [&hellip;]<\/p>\n","protected":false},"author":2,"featured_media":0,"parent":0,"menu_order":0,"comment_status":"closed","ping_status":"closed","template":"","meta":{"footnotes":""},"class_list":["post-734","page","type-page","status-publish","hentry"],"_links":{"self":[{"href":"https:\/\/apreslalune.fr\/index.php\/wp-json\/wp\/v2\/pages\/734","targetHints":{"allow":["GET"]}}],"collection":[{"href":"https:\/\/apreslalune.fr\/index.php\/wp-json\/wp\/v2\/pages"}],"about":[{"href":"https:\/\/apreslalune.fr\/index.php\/wp-json\/wp\/v2\/types\/page"}],"author":[{"embeddable":true,"href":"https:\/\/apreslalune.fr\/index.php\/wp-json\/wp\/v2\/users\/2"}],"replies":[{"embeddable":true,"href":"https:\/\/apreslalune.fr\/index.php\/wp-json\/wp\/v2\/comments?post=734"}],"version-history":[{"count":1,"href":"https:\/\/apreslalune.fr\/index.php\/wp-json\/wp\/v2\/pages\/734\/revisions"}],"predecessor-version":[{"id":735,"href":"https:\/\/apreslalune.fr\/index.php\/wp-json\/wp\/v2\/pages\/734\/revisions\/735"}],"wp:attachment":[{"href":"https:\/\/apreslalune.fr\/index.php\/wp-json\/wp\/v2\/media?parent=734"}],"curies":[{"name":"wp","href":"https:\/\/api.w.org\/{rel}","templated":true}]}}