{"id":738,"date":"2025-03-10T12:10:23","date_gmt":"2025-03-10T12:10:23","guid":{"rendered":"https:\/\/apreslalune.fr\/?page_id=738"},"modified":"2025-03-11T18:14:01","modified_gmt":"2025-03-11T18:14:01","slug":"nouveaute","status":"publish","type":"page","link":"https:\/\/apreslalune.fr\/index.php\/nouveaute\/","title":{"rendered":"Nouveaut\u00e9s"},"content":{"rendered":"\n<figure class=\"wp-block-image is-resized\" id=\"block-f6303bf9-d8ed-4d54-afe9-88306daee2fc\"><img decoding=\"async\" src=\"http:\/\/apreslalune.fr\/wp-content\/uploads\/2025\/02\/UNE-exe-couv-Adele-OLongh-SAJ-der-663x1024.jpg\" alt=\"SAJ : Une enqu\u00eate de Laia May de Ad\u00e8le O'Longh\" style=\"width:191px;height:auto\"\/><\/figure>\n\n\n\n<h3 class=\"wp-block-heading\"><strong>SAJ : Une enqu\u00eate de Laia May, par Ad\u00e8le O&rsquo;Longh<\/strong><\/h3>\n\n\n\n<p id=\"block-e23495fb-bf9b-4098-a028-d2ae2c5b2b97\">\u00ab&nbsp;Ni oubli, ni pardon, Naom\u00ed on se souvient de toi \u00bb. Dans Barcelone, fleurissent des slogans qui portent toujours la m\u00eame signature : SAJ, laissant la d\u00e9tective priv\u00e9e Laia May perplexe. Vice-championne du monde de kung-fu, nonne zen et ancienne inspectrice de police, Laia est \u00e0 la t\u00eate d\u2019une agence qui enqu\u00eate sur les crimes et d\u00e9lits impunis touchant les femmes et les enfants.<br>Derri\u00e8re le myst\u00e9rieux sigle SAJ, se cache un groupe d\u2019activistes qui semblent poursuivre les m\u00eames buts en empruntant des m\u00e9thodes radicales&nbsp;: hacking, d\u00e9nonciations publiques, buzz, incendies de biens de pr\u00e9dateurs\u2026 obligeant la justice \u00e0 agir et incitant les victimes, fortes de ce soutien, \u00e0 t\u00e9moigner.<\/p>\n\n\n\n<p id=\"block-b918ddfb-5c1b-46b5-bce0-937ac1ae4a3f\">Sauf que cette fois, l\u2019inscription n\u2019a pas la facture habituelle. Est-ce le pr\u00e9lude \u00e0 des actions plus brutales, voire des assassinats de p\u00e9docriminels ? Et que vient faire une chamano-sorci\u00e8re dans cette histoire ?<\/p>\n\n\n\n<p id=\"block-fa5191ce-c717-4b28-a6ec-7ad7cf4ecba9\">Habit\u00e9 par des personnages hauts en couleur qui injectent une bonne dose d\u2019humour au r\u00e9cit, ce tr\u00e9pidant roman choral m\u00e9lange les genres et nous fait osciller d\u2019un monde \u00e0 un autre sans cesser de nous tenir en haleine.<\/p>\n\n\n\n<p id=\"block-a4bf978c-6122-4fca-8488-61706c3f1ac6\">Ad\u00e8le O\u2019Longh vit en Catalogne. Elle a publi\u00e9 aux \u00e9ditions Apr\u00e8s la Lune, La Voyageuse Immobile ainsi que La Vieille Dame au c\u0153ur du volcan, De Beauchastel a Barcelona aux \u00e9ditions La Magrana, et Les Montagnes dans les Nuages, aux \u00e9ditions Ho\u00ebbeke.<\/p>\n\n\n\n<p id=\"block-8b099f89-3bb8-4d70-a5a9-928d57292955\">Autrice : O&rsquo;Longh Ad\u00e8le<br>Date de parution : 26\/02\/2025<br>EAN : 9782352270973<br>Genre : Polars<\/p>\n","protected":false},"excerpt":{"rendered":"<p>SAJ : Une enqu\u00eate de Laia May, par Ad\u00e8le O&rsquo;Longh \u00ab&nbsp;Ni oubli, ni [&hellip;]<\/p>\n","protected":false},"author":2,"featured_media":0,"parent":0,"menu_order":0,"comment_status":"closed","ping_status":"closed","template":"","meta":{"footnotes":""},"class_list":["post-738","page","type-page","status-publish","hentry"],"_links":{"self":[{"href":"https:\/\/apreslalune.fr\/index.php\/wp-json\/wp\/v2\/pages\/738","targetHints":{"allow":["GET"]}}],"collection":[{"href":"https:\/\/apreslalune.fr\/index.php\/wp-json\/wp\/v2\/pages"}],"about":[{"href":"https:\/\/apreslalune.fr\/index.php\/wp-json\/wp\/v2\/types\/page"}],"author":[{"embeddable":true,"href":"https:\/\/apreslalune.fr\/index.php\/wp-json\/wp\/v2\/users\/2"}],"replies":[{"embeddable":true,"href":"https:\/\/apreslalune.fr\/index.php\/wp-json\/wp\/v2\/comments?post=738"}],"version-history":[{"count":11,"href":"https:\/\/apreslalune.fr\/index.php\/wp-json\/wp\/v2\/pages\/738\/revisions"}],"predecessor-version":[{"id":778,"href":"https:\/\/apreslalune.fr\/index.php\/wp-json\/wp\/v2\/pages\/738\/revisions\/778"}],"wp:attachment":[{"href":"https:\/\/apreslalune.fr\/index.php\/wp-json\/wp\/v2\/media?parent=738"}],"curies":[{"name":"wp","href":"https:\/\/api.w.org\/{rel}","templated":true}]}}