{"id":782,"date":"2025-03-16T16:56:48","date_gmt":"2025-03-16T16:56:48","guid":{"rendered":"https:\/\/apreslalune.fr\/?page_id=782"},"modified":"2025-03-16T19:39:41","modified_gmt":"2025-03-16T19:39:41","slug":"mentions-legales","status":"publish","type":"page","link":"https:\/\/apreslalune.fr\/index.php\/mentions-legales\/","title":{"rendered":"Mentions l\u00e9gales"},"content":{"rendered":"\n<h2 class=\"wp-block-heading\">Utilisation des donn\u00e9es personnelles collect\u00e9es<\/h2>\n\n\n\n<p><\/p>\n\n\n\n<h3 class=\"wp-block-heading\">Commentaires<\/h3>\n\n\n\n<p>Quand vous laissez un commentaire sur notre site web, les donn\u00e9es inscrites dans le formulaire de commentaire, mais aussi votre adresse IP et l\u2019agent utilisateur de votre navigateur sont collect\u00e9s pour nous aider \u00e0 la d\u00e9tection des commentaires ind\u00e9sirables.<\/p>\n\n\n\n<p>Une cha\u00eene anonymis\u00e9e cr\u00e9\u00e9e \u00e0 partir de votre adresse de messagerie (\u00e9galement appel\u00e9e hash) peut \u00eatre envoy\u00e9e au service Gravatar pour v\u00e9rifier si vous utilisez ce dernier. Les clauses de confidentialit\u00e9 du service Gravatar sont disponibles ici&nbsp;: https:\/\/automattic.com\/privacy\/. Apr\u00e8s validation de votre commentaire, votre photo de profil sera visible publiquement \u00e0 cot\u00e9 de votre commentaire.<\/p>\n\n\n\n<h3 class=\"wp-block-heading\">M\u00e9dias<\/h3>\n\n\n\n<p>Si vous \u00eates un utilisateur ou une utilisatrice enregistr\u00e9\u00b7e et que vous t\u00e9l\u00e9versez des images sur le site web, nous vous conseillons d\u2019\u00e9viter de t\u00e9l\u00e9verser des images contenant des donn\u00e9es EXIF de coordonn\u00e9es GPS. Les visiteurs de votre site web peuvent t\u00e9l\u00e9charger et extraire des donn\u00e9es de localisation depuis ces images.<\/p>\n\n\n\n<h3 class=\"wp-block-heading\">Formulaires de contact<\/h3>\n\n\n\n<p>En cas, notamment, de demande de contact, vous serez invit\u00e9(e) \u00e0 remplir un formulaire dont certains champs (\u00ab champs obligatoires \u00bb) sont n\u00e9cessaires pour pouvoir offrir le service demand\u00e9, et dont d\u2019autres sont optionnels (\u00ab champs facultatifs \u00bb).<br>Ces derniers sont uniquement destin\u00e9s \u00e0 nous permettre de vous contacter rapidement si cela s\u2019av\u00e9rait n\u00e9cessaire.<\/p>\n\n\n\n<h3 class=\"wp-block-heading\">Cookies<\/h3>\n\n\n\n<p>Si vous d\u00e9posez un commentaire sur notre site, il vous sera propos\u00e9 d\u2019enregistrer votre nom, adresse de messagerie et site web dans des cookies. C\u2019est uniquement pour votre confort afin de ne pas avoir \u00e0 saisir ces informations si vous d\u00e9posez un autre commentaire plus tard. Ces cookies expirent au bout d\u2019un an.<\/p>\n\n\n\n<p>Si vous avez un compte et que vous vous connectez sur ce site, un cookie temporaire sera cr\u00e9\u00e9 afin de d\u00e9terminer si votre navigateur accepte les cookies. Il ne contient pas de donn\u00e9es personnelles et sera supprim\u00e9 automatiquement \u00e0 la fermeture de votre navigateur.<\/p>\n\n\n\n<p>Lorsque vous vous connecterez, nous mettrons en place un certain nombre de cookies pour enregistrer vos informations de connexion et vos pr\u00e9f\u00e9rences d\u2019\u00e9cran. La dur\u00e9e de vie d\u2019un cookie de connexion est de deux jours, celle d\u2019un cookie d\u2019option d\u2019\u00e9cran est d\u2019un an. Si vous cochez \u00ab&nbsp;Se souvenir de moi&nbsp;\u00bb, votre cookie de connexion sera conserv\u00e9 pendant deux semaines. Si vous vous d\u00e9connectez de votre compte, le cookie de connexion sera effac\u00e9.<\/p>\n\n\n\n<p>En modifiant ou en publiant une publication, un cookie suppl\u00e9mentaire sera enregistr\u00e9 dans votre navigateur. Ce cookie ne comprend aucune donn\u00e9e personnelle. Il indique simplement l\u2019ID de la publication que vous venez de modifier. Il expire au bout d\u2019un jour.<\/p>\n\n\n\n<h3 class=\"wp-block-heading\">Contenu embarqu\u00e9 depuis d\u2019autres sites<\/h3>\n\n\n\n<p>Les articles de ce site peuvent inclure des contenus int\u00e9gr\u00e9s (par exemple des vid\u00e9os, images, articles\u2026). Le contenu int\u00e9gr\u00e9 depuis d\u2019autres sites se comporte de la m\u00eame mani\u00e8re que si le visiteur se rendait sur cet autre site.<\/p>\n\n\n\n<p>Ces sites web pourraient collecter des donn\u00e9es sur vous, utiliser des cookies, embarquer des outils de suivis tiers, suivre vos interactions avec ces contenus embarqu\u00e9s si vous disposez d\u2019un compte connect\u00e9 sur leur site web.<\/p>\n\n\n\n<h3 class=\"wp-block-heading\">Statistiques et mesures d\u2019audience<\/h3>\n\n\n\n<p>Outre l\u2019am\u00e9lioration g\u00e9n\u00e9rale de l\u2019ergonomie de notre site, ces cookies nous permettent notamment de r\u00e9pondre aux finalit\u00e9s suivantes :<\/p>\n\n\n\n<ol class=\"wp-block-list\">\n<li>Reconna\u00eetre votre appareil lors de chacune de vos visites sur notre site pour faciliter votre exp\u00e9rience d\u2019utilisateur <em>via<\/em> notamment les pr\u00e9f\u00e9rences de navigation, remplissages automatiques de formulaires et autres connexion automatique \u00e0 apreslalune.fr<\/li>\n\n\n\n<li>Partager des informations anonymis\u00e9es en termes de trafic et de ventes vers les tiers partenaires du portail et des prestataires d\u2019analyse de trafic.<\/li>\n\n\n\n<li>Filtrer les robots, techniques de fraude et autres scripts malicieux g\u00e9n\u00e9rant du trafic ill\u00e9gitime sur les contenus disponibles sur le site.<\/li>\n<\/ol>\n\n\n\n<h3 class=\"wp-block-heading\">Blocage des cookies<\/h3>\n\n\n\n<p>La plupart des navigateurs permettent toutefois, si vous le souhaitez, de supprimer ou d\u00e9sactiver les cookies. Ces options se trouvent g\u00e9n\u00e9ralement dans les pr\u00e9f\u00e9rences, param\u00e8tres ou autres menus de confidentialit\u00e9.<\/p>\n\n\n\n<h3 class=\"wp-block-heading\">Informations collect\u00e9es<\/h3>\n\n\n\n<p>Les informations collect\u00e9es sont les suivantes :<\/p>\n\n\n\n<ul class=\"wp-block-list\">\n<li>Donn\u00e9es g\u00e9n\u00e9rales et techniques propres \u00e0 votre visite sur le site (source de trafic, syst\u00e8me d\u2019exploitation, navigateur et type d\u2019\u00e9quipement utilis\u00e9, pays et ville de connexion <em>via<\/em> votre adresse IP, institution <em>via<\/em> laquelle vous acc\u00e9dez \u00e0 nos services, etc.) ;<\/li>\n\n\n\n<li>Votre adresse de courrier \u00e9lectronique si vous nous l\u2019avez indiqu\u00e9e en communiquant avec nous par courrier \u00e9lectronique, etc. ;<\/li>\n\n\n\n<li>L\u2019ensemble de l\u2019information concernant les outils, \u00e9l\u00e9ments de navigation et pages de contenu que vous avez consult\u00e9es sur notre site ;<\/li>\n\n\n\n<li>Toute information que vous nous avez donn\u00e9e volontairement (par exemple dans le cadre d\u2019enqu\u00eates d\u2019informations et\/ou des inscriptions sur site, ou en remplissant un formulaire d\u2019identification).<\/li>\n<\/ul>\n\n\n\n<h3 class=\"wp-block-heading\">Finalit\u00e9s<\/h3>\n\n\n\n<p>Outre les finalit\u00e9s reprises au paragraphe concernant les cookies, les donn\u00e9es vous concernant sont recueillies et trait\u00e9es aux seules fins mentionn\u00e9es ci-dessous :<\/p>\n\n\n\n<ol class=\"wp-block-list\">\n<li>R\u00e9ponses \u00e0 vos questions ;<\/li>\n\n\n\n<li>Transmission d\u2019informations<\/li>\n<\/ol>\n\n\n\n<p>Si dans le futur, vous ne souhaitiez plus \u00eatre contact\u00e9 (notamment par le biais d\u2019email), il vous suffit de nous contacter. En outre, en vue d\u2019assurer une bonne gestion du syst\u00e8me informatique, nous pouvons acc\u00e9der \u00e0 toute communication stock\u00e9e dans notre syst\u00e8me informatique. La technologie \u00e9volue. apreslalune.fr pourrait donc \u00eatre amen\u00e9 \u00e0 effectuer des traitements qui ne sont pas encore pr\u00e9vus dans cette Charte. Dans ce cas, nous vous contacterons avant de r\u00e9utiliser vos donn\u00e9es, afin de vous faire conna\u00eetre les changements du r\u00e8glement et vous donner la possibilit\u00e9, le cas \u00e9ch\u00e9ant, de refuser cette r\u00e9utilisation.<\/p>\n\n\n\n<p><strong>Consentement<\/strong><\/p>\n\n\n\n<p>En utilisant notre site, vous d\u00e9clarez explicitement accepter la politique de respect de la vie priv\u00e9e de apreslalune.fr, et vous consentez \u00e0 ce que nous recueillions et traitions les donn\u00e9es vous concernant selon les modalit\u00e9s et principes d\u00e9crits ici.<\/p>\n\n\n\n<p>Par ailleurs, les courriels qui vous seront \u00e9ventuellement transmis feront toujours appara\u00eetre un lien qu\u2019il vous sera possible de cliquer de fa\u00e7on acc\u00e9der \u00e0 votre profil ou une page sp\u00e9cifique pour ne plus recevoir, de notre part, d\u2019informations.<\/p>\n\n\n\n<h2 class=\"wp-block-heading\">Utilisation et transmission de vos donn\u00e9es personnelles<\/h2>\n\n\n\n<p><strong>Transmission aux tiers<\/strong><\/p>\n\n\n\n<p>Vos donn\u00e9es ne seront transmises \u00e0 aucun tiers sans votre consentement, \u00e0 l\u2019exception de la soci\u00e9t\u00e9 d\u2019h\u00e9bergement de notre site et aux tiers de confiance mentionn\u00e9s dans le paragraphe concernant les cookies. Il a, par ailleurs, \u00e9t\u00e9 demand\u00e9 \u00e0 l\u2019h\u00e9bergeur de prendre toutes les dispositions n\u00e9cessaires pour stocker et traiter ces donn\u00e9es avec la plus grande prudence, de fa\u00e7on \u00e0 ce qu\u2019elles ne puissent \u00eatre port\u00e9es de fa\u00e7on illicite \u00e0 la connaissance de tiers. Toutefois, nous nous r\u00e9servons le droit de divulguer des informations personnelles sur requ\u00eate d\u2019une autorit\u00e9 l\u00e9gale ou en toute bonne foi en consid\u00e9rant que cette action est requise,<\/p>\n\n\n\n<ul class=\"wp-block-list\">\n<li>Pour se conformer \u00e0 toute loi ou r\u00e9glementation en vigueur ;<\/li>\n\n\n\n<li>Pour prot\u00e9ger ou d\u00e9fendre les droits de apreslalune.fr, du site ou des utilisateurs de celui-ci ;<\/li>\n\n\n\n<li>Pour intervenir, dans des circonstances extr\u00eames, dans le but de prot\u00e9ger la s\u00e9curit\u00e9 personnelle des utilisateurs de apreslalune.fr, du site ou du public.<\/li>\n<\/ul>\n\n\n\n<p><strong>Droit d\u2019acc\u00e8s et de rectification<\/strong><\/p>\n\n\n\n<p>Il vous est toujours possible de nous contacter afin de v\u00e9rifier l\u2019\u00e9tat des donn\u00e9es vous concernant. Tout utilisateur dispose d\u2019un droit d\u2019acc\u00e8s, de rectification et d\u2019opposition aux donn\u00e9es personnelles le concernant, en effectuant sa demande \u00e9crite et sign\u00e9e, accompagn\u00e9e d\u2019une copie du titre d\u2019identit\u00e9 avec signature du titulaire de la pi\u00e8ce, en pr\u00e9cisant l\u2019adresse \u00e0 laquelle la r\u00e9ponse doit \u00eatre envoy\u00e9e.<\/p>\n\n\n\n<h2 class=\"wp-block-heading\">Dur\u00e9es de stockage de vos donn\u00e9es<\/h2>\n\n\n\n<p>Si vous laissez un commentaire, le commentaire et ses m\u00e9tadonn\u00e9es sont conserv\u00e9s ind\u00e9finiment. Cela permet de reconna\u00eetre et approuver automatiquement les commentaires suivants au lieu de les laisser dans la file de mod\u00e9ration.<\/p>\n\n\n\n<p>Pour les utilisateurs et utilisatrices qui s\u2019enregistrent sur notre site (si cela est possible), nous stockons \u00e9galement les donn\u00e9es personnelles indiqu\u00e9es dans leur profil. Tous les utilisateurs et utilisatrices peuvent voir, modifier ou supprimer leurs informations personnelles \u00e0 tout moment (\u00e0 l\u2019exception de leur nom d\u2019utilisateur\u00b7ice). Les gestionnaires du site peuvent aussi voir et modifier ces informations.<\/p>\n\n\n\n<h2 class=\"wp-block-heading\">Les droits que vous avez sur vos donn\u00e9es<\/h2>\n\n\n\n<p>Si vous avez un compte ou si vous avez laiss\u00e9 des commentaires sur le site, vous pouvez demander \u00e0 recevoir un fichier contenant toutes les donn\u00e9es personnelles que nous poss\u00e9dons \u00e0 votre sujet, incluant celles que vous nous avez fournies. Vous pouvez \u00e9galement demander la suppression des donn\u00e9es personnelles vous concernant. Cela ne prend pas en compte les donn\u00e9es stock\u00e9es \u00e0 des fins administratives, l\u00e9gales ou pour des raisons de s\u00e9curit\u00e9.<\/p>\n\n\n\n<h2 class=\"wp-block-heading\">Transmission de vos donn\u00e9es personnelles<\/h2>\n\n\n\n<p>Les commentaires des visiteurs peuvent \u00eatre v\u00e9rifi\u00e9s \u00e0 l\u2019aide d\u2019un service automatis\u00e9 de d\u00e9tection des commentaires ind\u00e9sirables.<\/p>\n\n\n\n<p><strong>S\u00e9curit\u00e9<\/strong><\/p>\n\n\n\n<p>apreslalune.fr s\u2019engage \u00e0 faire ses meilleurs efforts pour prot\u00e9ger vos donn\u00e9es \u00e0 caract\u00e8re personnel, afin notamment d\u2019emp\u00eacher qu\u2019elles soient d\u00e9form\u00e9es, endommag\u00e9es ou communiqu\u00e9es \u00e0 des tiers non autoris\u00e9s.<\/p>\n\n\n\n<h2 class=\"wp-block-heading\">Droit applicable et attribution de juridiction<\/h2>\n\n\n\n<p>L\u2019ensemble du site apreslalune.fr rel\u00e8ve de la l\u00e9gislation espagnole et internationale sur le droit d\u2019auteur et la propri\u00e9t\u00e9 intellectuelle. Toute repr\u00e9sentation ou reproduction int\u00e9grale ou partielle est licite. Les contenus de ce site appartiennent au domaine public.<\/p>\n\n\n\n<p>Droit applicable et juridiction: les r\u00e8gles en mati\u00e8re de droit, applicables aux contenus et aux transmissions de donn\u00e9es sur et autour du site, sont d\u00e9termin\u00e9es par la loi espagnole. En cas de litige, n\u2019ayant pu faire l\u2019objet d\u2019un accord \u00e0 l\u2019amiable, seuls les tribunaux espagnols du ressort de la ville de Barcelone sont comp\u00e9tents.<\/p>\n\n\n\n<h2 class=\"wp-block-heading\">RGPD<\/h2>\n\n\n\n<p>apreslalune.fr s\u2019engage \u00e0 respecter le <a href=\"https:\/\/www.autoriteprotectiondonnees.be\/reglement-general-sur-la-protection-des-donnees\">R\u00e8glement G\u00e9n\u00e9ral sur la Protection des Donn\u00e9es.<\/a><\/p>\n\n\n\n<h2 class=\"wp-block-heading\">Informations de contact<\/h2>\n\n\n\n<p>editionsapreslalune@gmail.com<\/p>\n\n\n\n<p>H\u00e9bergeur Web : OVH HISPANO SL<br>NIF: B-83834747<br>C\/ Alcal\u00e1 21, 5.\u00aa planta, 28014 Madrid, Espa\u00f1a, Contact: +34 91\u00a0758\u00a034\u00a077 &#8211;\u00a0<a href=\"mailto:soporte@ovh.es\">soporte@ovh.es<\/a> <br><\/p>\n\n\n\n<p><\/p>\n","protected":false},"excerpt":{"rendered":"<p>Utilisation des donn\u00e9es personnelles collect\u00e9es Commentaires Quand vous laissez un commentaire sur notre [&hellip;]<\/p>\n","protected":false},"author":2,"featured_media":0,"parent":0,"menu_order":0,"comment_status":"closed","ping_status":"closed","template":"","meta":{"footnotes":""},"class_list":["post-782","page","type-page","status-publish","hentry"],"_links":{"self":[{"href":"https:\/\/apreslalune.fr\/index.php\/wp-json\/wp\/v2\/pages\/782","targetHints":{"allow":["GET"]}}],"collection":[{"href":"https:\/\/apreslalune.fr\/index.php\/wp-json\/wp\/v2\/pages"}],"about":[{"href":"https:\/\/apreslalune.fr\/index.php\/wp-json\/wp\/v2\/types\/page"}],"author":[{"embeddable":true,"href":"https:\/\/apreslalune.fr\/index.php\/wp-json\/wp\/v2\/users\/2"}],"replies":[{"embeddable":true,"href":"https:\/\/apreslalune.fr\/index.php\/wp-json\/wp\/v2\/comments?post=782"}],"version-history":[{"count":8,"href":"https:\/\/apreslalune.fr\/index.php\/wp-json\/wp\/v2\/pages\/782\/revisions"}],"predecessor-version":[{"id":807,"href":"https:\/\/apreslalune.fr\/index.php\/wp-json\/wp\/v2\/pages\/782\/revisions\/807"}],"wp:attachment":[{"href":"https:\/\/apreslalune.fr\/index.php\/wp-json\/wp\/v2\/media?parent=782"}],"curies":[{"name":"wp","href":"https:\/\/api.w.org\/{rel}","templated":true}]}}